{"id":261201,"date":"2024-08-29T06:30:19","date_gmt":"2024-08-29T13:30:19","guid":{"rendered":"https:\/\/worldimagingnews.com\/?page_id=261201"},"modified":"2024-08-29T06:31:21","modified_gmt":"2024-08-29T13:31:21","slug":"color-control","status":"publish","type":"page","link":"https:\/\/worldimagingnews.com\/fr\/color-control\/","title":{"rendered":"Contr\u00f4le des couleurs"},"content":{"rendered":"<div data-elementor-type=\"wp-page\" data-elementor-id=\"261201\" class=\"elementor elementor-261201\" data-elementor-post-type=\"page\">\n\t\t\t\t<div class=\"elementor-element elementor-element-08475e6 e-flex e-con-boxed e-con e-parent\" data-id=\"08475e6\" data-element_type=\"container\" data-e-type=\"container\">\n\t\t\t\t\t<div class=\"e-con-inner\">\n\t\t\t\t<div class=\"elementor-element elementor-element-e6b2291 elementor-widget elementor-widget-penci-latest-posts\" data-id=\"e6b2291\" data-element_type=\"widget\" data-e-type=\"widget\" data-widget_type=\"penci-latest-posts.default\">\n\t\t\t\t<div class=\"elementor-widget-container\">\n\t\t\t\t\t                <div id=\"pencilatest_posts_77030\" class=\"penci-latest-posts-sc penci-latest-posts-grid penci-latest-posts-el penci-el-mixed-s1 penci-latest-posts-left penci-std-continue-center penci-std-excerpt-center penci-grid-excerpt-left\">\n\t\t\t\t\t\t\t\t\t\t\t                        <div class=\"penci-border-arrow penci-homepage-title penci-home-latest-posts style-7 pcalign-left pciconp-right pcicon-right\">\n                            <h3 class=\"inner-arrow\">\n                                <span>\n\t\t\t\t\t\t\t\t<span>Color control<\/span>                                <\/span>\n                            <\/h3>\n\t\t\t\t\t\t\t                        <\/div>\n\t\t\t\t\t                    <div class=\"penci-wrapper-posts-ajax\">\n\n                        <div class=\"penci-wrapper-posts-content pwid-default\">\n\n\t\t\t\t\t\t\t\t\t\t\t\t\t\t\t                                <ul data-cols=\"3\" data-tcols=\"3\" data-mcols=\"2\" data-layout=\"grid\"\n                                    class=\"has-d-cols has-t-cols has-m-cols penci-wrapper-data penci-grid penci-shortcode-render\">\t\t\t\t\t\t\t\t\t\t\t\t\t\t\t\t\t\t\t\t\t\t\t\t\t\t\t\t\t<li class=\"grid-style\">\n    <article id=\"post-265421\" class=\"item hentry\">\n\t\t            <div class=\"thumbnail\">\n\t\t\t\t\t\t\t\t                    <a class=\"penci-image-holder penci-lazy\" data-bgset=\"https:\/\/worldimagingnews.com\/wp-content\/uploads\/2025\/12\/Pantone-Color-of-the-Year-2026.png\" href=\"https:\/\/worldimagingnews.com\/fr\/pantone-introduces-the-pantone-color-of-the-year-2026-pantone-11-4201-cloud-dancer\/\" title=\"Pantone Introduces the Pantone Color of the Year 2026: PANTONE 11-4201 Cloud Dancer\">\n                    <\/a>\n\t\t\t\t\n\t\t\t\t\t\t\t\t\t\t\t\t\t\t\t\t\t\t\t\t\t\t\t\t\t\t\t\t\t\t\t\t\t            <\/div>\n\t\t\n        <div class=\"grid-header-box\">\n\t\t\t                <span class=\"cat\"><a style=\"\" class=\"penci-cat-name penci-cat-55\" href=\"https:\/\/worldimagingnews.com\/fr\/category\/applications\/color\/\" rel=\"category tag\"><span style=\"\">Couleur<\/span><\/a><a style=\"\" class=\"penci-cat-name penci-cat-32\" href=\"https:\/\/worldimagingnews.com\/fr\/category\/software\/color-control\/\" rel=\"category tag\"><span style=\"\">Contr\u00f4le des couleurs<\/span><\/a><a style=\"\" class=\"penci-cat-name penci-cat-807\" href=\"https:\/\/worldimagingnews.com\/fr\/category\/featured-news\/\" rel=\"category tag\"><span style=\"\">Actualit\u00e9s<\/span><\/a><\/span>\n\t\t\t\n            <h2 class=\"penci-entry-title entry-title grid-title penci_grid_title_df\"><a href=\"https:\/\/worldimagingnews.com\/fr\/pantone-introduces-the-pantone-color-of-the-year-2026-pantone-11-4201-cloud-dancer\/\">Pantone Introduces the Pantone Color of the Year 2026: PANTONE 11-4201 Cloud Dancer<\/a>\n            <\/h2>\n\t\t\t\t\t\t\t\t<div class=\"penci-hide-tagupdated\">\n\t\t\t<span class=\"author-italic author vcard\">by \t\t\t\t\t\t\t\t\t\t<a class=\"author-url url fn n\" href=\"https:\/\/worldimagingnews.com\/fr\/author\/dan\/\">Personnel<\/a>\t\t\t\t\t\t\t\t\t<\/span>\n\t\t\t<time class=\"entry-date published\" datetime=\"2025-12-09T08:19:22-08:00\">12\/09\/2025<\/time>\t\t<\/div>\n\t\t\t\t\t\t                <div class=\"grid-post-box-meta\">\n\t\t\t\t\t\t\t\t\t\t\t\t\t\t\t                        <span class=\"otherl-date\"><time class=\"entry-date published\" datetime=\"2025-12-09T08:19:22-08:00\">12\/09\/2025<\/time><\/span>\n\t\t\t\t\t\t\t\t\t\t\t\t\t\t\t\t\t\t\t\t\t\t\t\t\t\t\t\t\t\t                <\/div>\n\t\t\t        <\/div>\n\n\t\t\n\t\t\n\t\t    <\/article>\n<\/li>\n<li class=\"grid-style\">\n    <article id=\"post-265103\" class=\"item hentry\">\n\t\t            <div class=\"thumbnail\">\n\t\t\t\t\t\t\t\t                    <a class=\"penci-image-holder penci-lazy\" data-bgset=\"https:\/\/worldimagingnews.com\/wp-content\/uploads\/2025\/10\/Untitled-Design-1400x795-12-585x390.png\" href=\"https:\/\/worldimagingnews.com\/fr\/color-logic-and-unifoil-collaborate-to-produce-exclusive-collectible-art-by-greg-horn-at-printing-united-2025-a-must-see-event\/\" title=\"Color-Logic and Unifoil Collaborate to Produce Exclusive Collectible Art by Greg Horn at Printing United 2025 ~ A Must-See Event ~\">\n                    <\/a>\n\t\t\t\t\n\t\t\t\t\t\t\t\t\t\t\t\t\t\t\t\t\t\t\t\t\t\t\t\t\t\t\t\t\t\t\t\t\t            <\/div>\n\t\t\n        <div class=\"grid-header-box\">\n\t\t\t                <span class=\"cat\"><a style=\"\" class=\"penci-cat-name penci-cat-1\" href=\"https:\/\/worldimagingnews.com\/fr\/category\/blog\/\" rel=\"category tag\"><span style=\"\">Blog<\/span><\/a><a style=\"\" class=\"penci-cat-name penci-cat-32\" href=\"https:\/\/worldimagingnews.com\/fr\/category\/software\/color-control\/\" rel=\"category tag\"><span style=\"\">Contr\u00f4le des couleurs<\/span><\/a><\/span>\n\t\t\t\n            <h2 class=\"penci-entry-title entry-title grid-title penci_grid_title_df\"><a href=\"https:\/\/worldimagingnews.com\/fr\/color-logic-and-unifoil-collaborate-to-produce-exclusive-collectible-art-by-greg-horn-at-printing-united-2025-a-must-see-event\/\">Color-Logic and Unifoil Collaborate to Produce Exclusive Collectible Art by Greg Horn at Printing United 2025 ~ A Must-See Event ~<\/a>\n            <\/h2>\n\t\t\t\t\t\t\t\t<div class=\"penci-hide-tagupdated\">\n\t\t\t<span class=\"author-italic author vcard\">by \t\t\t\t\t\t\t\t\t\t<a class=\"author-url url fn n\" href=\"https:\/\/worldimagingnews.com\/fr\/author\/dan\/\">Personnel<\/a>\t\t\t\t\t\t\t\t\t<\/span>\n\t\t\t<time class=\"entry-date published\" datetime=\"2025-10-18T08:53:17-07:00\">10\/18\/2025<\/time>\t\t<\/div>\n\t\t\t\t\t\t                <div class=\"grid-post-box-meta\">\n\t\t\t\t\t\t\t\t\t\t\t\t\t\t\t                        <span class=\"otherl-date\"><time class=\"entry-date published\" datetime=\"2025-10-18T08:53:17-07:00\">10\/18\/2025<\/time><\/span>\n\t\t\t\t\t\t\t\t\t\t\t\t\t\t\t\t\t\t\t\t\t\t\t\t\t\t\t\t\t\t                <\/div>\n\t\t\t        <\/div>\n\n\t\t\n\t\t\n\t\t    <\/article>\n<\/li>\n<li class=\"grid-style\">\n    <article id=\"post-262544\" class=\"item hentry\">\n\t\t            <div class=\"thumbnail\">\n\t\t\t\t\t\t\t\t                    <a class=\"penci-image-holder penci-lazy\" data-bgset=\"https:\/\/worldimagingnews.com\/wp-content\/uploads\/2024\/12\/Vantage-4.0-2.png\" href=\"https:\/\/worldimagingnews.com\/fr\/pantone-color-of-the-year-2025-mocha-mousse-17-1230\/\" title=\"PANTONE\u00ae Couleur de l&#039;ann\u00e9e 2025 - Mousse Moka 17-1230\">\n                    <\/a>\n\t\t\t\t\n\t\t\t\t\t\t\t\t\t\t\t\t\t\t\t\t\t\t\t\t\t\t\t\t\t\t\t\t\t\t\t\t\t            <\/div>\n\t\t\n        <div class=\"grid-header-box\">\n\t\t\t                <span class=\"cat\"><a style=\"\" class=\"penci-cat-name penci-cat-32\" href=\"https:\/\/worldimagingnews.com\/fr\/category\/software\/color-control\/\" rel=\"category tag\"><span style=\"\">Contr\u00f4le des couleurs<\/span><\/a><\/span>\n\t\t\t\n            <h2 class=\"penci-entry-title entry-title grid-title penci_grid_title_df\"><a href=\"https:\/\/worldimagingnews.com\/fr\/pantone-color-of-the-year-2025-mocha-mousse-17-1230\/\">PANTONE\u00ae Couleur de l'ann\u00e9e 2025 - Mousse Moka 17-1230<\/a>\n            <\/h2>\n\t\t\t\t\t\t\t\t<div class=\"penci-hide-tagupdated\">\n\t\t\t<span class=\"author-italic author vcard\">by \t\t\t\t\t\t\t\t\t\t<a class=\"author-url url fn n\" href=\"https:\/\/worldimagingnews.com\/fr\/author\/dan\/\">Personnel<\/a>\t\t\t\t\t\t\t\t\t<\/span>\n\t\t\t<time class=\"entry-date published\" datetime=\"2024-12-12T07:12:31-08:00\">12\/12\/2024<\/time>\t\t<\/div>\n\t\t\t\t\t\t                <div class=\"grid-post-box-meta\">\n\t\t\t\t\t\t\t\t\t\t\t\t\t\t\t                        <span class=\"otherl-date\"><time class=\"entry-date published\" datetime=\"2024-12-12T07:12:31-08:00\">12\/12\/2024<\/time><\/span>\n\t\t\t\t\t\t\t\t\t\t\t\t\t\t\t\t\t\t\t\t\t\t\t\t\t\t\t\t\t\t                <\/div>\n\t\t\t        <\/div>\n\n\t\t\n\t\t\n\t\t    <\/article>\n<\/li>\n<li class=\"grid-style\">\n    <article id=\"post-262534\" class=\"item hentry\">\n\t\t            <div class=\"thumbnail\">\n\t\t\t\t\t\t\t\t                    <a class=\"penci-image-holder penci-lazy\" data-bgset=\"https:\/\/worldimagingnews.com\/wp-content\/uploads\/2024\/12\/Metallic.jpg\" href=\"https:\/\/worldimagingnews.com\/fr\/metal-decorating-made-simple-with-color-logic-metallic-color-system-and-embellishment-software\/\" title=\"La d\u00e9coration m\u00e9tallique simplifi\u00e9e gr\u00e2ce au syst\u00e8me de couleurs m\u00e9talliques et au logiciel d&#039;embellissement Color-Logic\">\n                    <\/a>\n\t\t\t\t\n\t\t\t\t\t\t\t\t\t\t\t\t\t\t\t\t\t\t\t\t\t\t\t\t\t\t\t\t\t\t\t\t\t            <\/div>\n\t\t\n        <div class=\"grid-header-box\">\n\t\t\t                <span class=\"cat\"><a style=\"\" class=\"penci-cat-name penci-cat-32\" href=\"https:\/\/worldimagingnews.com\/fr\/category\/software\/color-control\/\" rel=\"category tag\"><span style=\"\">Contr\u00f4le des couleurs<\/span><\/a><\/span>\n\t\t\t\n            <h2 class=\"penci-entry-title entry-title grid-title penci_grid_title_df\"><a href=\"https:\/\/worldimagingnews.com\/fr\/metal-decorating-made-simple-with-color-logic-metallic-color-system-and-embellishment-software\/\">La d\u00e9coration m\u00e9tallique simplifi\u00e9e gr\u00e2ce au syst\u00e8me de couleurs m\u00e9talliques et au logiciel d'embellissement Color-Logic<\/a>\n            <\/h2>\n\t\t\t\t\t\t\t\t<div class=\"penci-hide-tagupdated\">\n\t\t\t<span class=\"author-italic author vcard\">by \t\t\t\t\t\t\t\t\t\t<a class=\"author-url url fn n\" href=\"https:\/\/worldimagingnews.com\/fr\/author\/dan\/\">Personnel<\/a>\t\t\t\t\t\t\t\t\t<\/span>\n\t\t\t<time class=\"entry-date published\" datetime=\"2024-12-11T06:31:15-08:00\">12\/11\/2024<\/time>\t\t<\/div>\n\t\t\t\t\t\t                <div class=\"grid-post-box-meta\">\n\t\t\t\t\t\t\t\t\t\t\t\t\t\t\t                        <span class=\"otherl-date\"><time class=\"entry-date published\" datetime=\"2024-12-11T06:31:15-08:00\">12\/11\/2024<\/time><\/span>\n\t\t\t\t\t\t\t\t\t\t\t\t\t\t\t\t\t\t\t\t\t\t\t\t\t\t\t\t\t\t                <\/div>\n\t\t\t        <\/div>\n\n\t\t\n\t\t\n\t\t    <\/article>\n<\/li>\n<li class=\"grid-style\">\n    <article id=\"post-261921\" class=\"item hentry\">\n\t\t            <div class=\"thumbnail\">\n\t\t\t\t\t\t\t\t                    <a class=\"penci-image-holder penci-lazy\" data-bgset=\"https:\/\/worldimagingnews.com\/wp-content\/uploads\/2024\/11\/Add-a-heading-540-x-360-px13.png\" href=\"https:\/\/worldimagingnews.com\/fr\/x-rite-pantone-and-sun-chemical-add-color-libraries-to-pantonelive-for-extruded-aluminum-aerosol-packaging\/\" title=\"X-Rite, Pantone et Sun Chemical ajoutent des biblioth\u00e8ques de couleurs \u00e0 PantoneLIVE pour les emballages a\u00e9rosols en aluminium extrud\u00e9\">\n                    <\/a>\n\t\t\t\t\n\t\t\t\t\t\t\t\t\t\t\t\t\t\t\t\t\t\t\t\t\t\t\t\t\t\t\t\t\t\t\t\t\t            <\/div>\n\t\t\n        <div class=\"grid-header-box\">\n\t\t\t                <span class=\"cat\"><a style=\"\" class=\"penci-cat-name penci-cat-55\" href=\"https:\/\/worldimagingnews.com\/fr\/category\/applications\/color\/\" rel=\"category tag\"><span style=\"\">Couleur<\/span><\/a><a style=\"\" class=\"penci-cat-name penci-cat-563\" href=\"https:\/\/worldimagingnews.com\/fr\/category\/accessories\/color-measuring\/\" rel=\"category tag\"><span style=\"\">Mesure de la couleur<\/span><\/a><a style=\"\" class=\"penci-cat-name penci-cat-807\" href=\"https:\/\/worldimagingnews.com\/fr\/category\/featured-news\/\" rel=\"category tag\"><span style=\"\">Actualit\u00e9s<\/span><\/a><a style=\"\" class=\"penci-cat-name penci-cat-4\" href=\"https:\/\/worldimagingnews.com\/fr\/category\/consumables\/ink\/\" rel=\"category tag\"><span style=\"\">Encre<\/span><\/a><\/span>\n\t\t\t\n            <h2 class=\"penci-entry-title entry-title grid-title penci_grid_title_df\"><a href=\"https:\/\/worldimagingnews.com\/fr\/x-rite-pantone-and-sun-chemical-add-color-libraries-to-pantonelive-for-extruded-aluminum-aerosol-packaging\/\">X-Rite, Pantone et Sun Chemical ajoutent des biblioth\u00e8ques de couleurs \u00e0 PantoneLIVE pour les emballages a\u00e9rosols en aluminium extrud\u00e9<\/a>\n            <\/h2>\n\t\t\t\t\t\t\t\t<div class=\"penci-hide-tagupdated\">\n\t\t\t<span class=\"author-italic author vcard\">by \t\t\t\t\t\t\t\t\t\t<a class=\"author-url url fn n\" href=\"https:\/\/worldimagingnews.com\/fr\/author\/dan\/\">Personnel<\/a>\t\t\t\t\t\t\t\t\t<\/span>\n\t\t\t<time class=\"entry-date published\" datetime=\"2024-11-05T08:13:32-08:00\">11\/05\/2024<\/time>\t\t<\/div>\n\t\t\t\t\t\t                <div class=\"grid-post-box-meta\">\n\t\t\t\t\t\t\t\t\t\t\t\t\t\t\t                        <span class=\"otherl-date\"><time class=\"entry-date published\" datetime=\"2024-11-05T08:13:32-08:00\">11\/05\/2024<\/time><\/span>\n\t\t\t\t\t\t\t\t\t\t\t\t\t\t\t\t\t\t\t\t\t\t\t\t\t\t\t\t\t\t                <\/div>\n\t\t\t        <\/div>\n\n\t\t\n\t\t\n\t\t    <\/article>\n<\/li>\n<li class=\"grid-style\">\n    <article id=\"post-261696\" class=\"item hentry\">\n\t\t            <div class=\"thumbnail\">\n\t\t\t\t\t\t\t\t                    <a class=\"penci-image-holder penci-lazy\" data-bgset=\"https:\/\/worldimagingnews.com\/wp-content\/uploads\/2024\/10\/DMIx_SamplR_2_Easy-Access-scaled-1-585x338.jpg\" href=\"https:\/\/worldimagingnews.com\/fr\/iphone-powered-material-scanning-with-dmix-samplr\/\" title=\"Num\u00e9risation de mat\u00e9riaux \u00e0 l&#039;aide d&#039;un iPhone avec DMIx SamplR\">\n                    <\/a>\n\t\t\t\t\n\t\t\t\t\t\t\t\t\t\t\t\t\t\t\t\t\t\t\t\t\t\t\t\t\t\t\t\t\t\t\t\t\t            <\/div>\n\t\t\n        <div class=\"grid-header-box\">\n\t\t\t                <span class=\"cat\"><a style=\"\" class=\"penci-cat-name penci-cat-563\" href=\"https:\/\/worldimagingnews.com\/fr\/category\/accessories\/color-measuring\/\" rel=\"category tag\"><span style=\"\">Mesure de la couleur<\/span><\/a><\/span>\n\t\t\t\n            <h2 class=\"penci-entry-title entry-title grid-title penci_grid_title_df\"><a href=\"https:\/\/worldimagingnews.com\/fr\/iphone-powered-material-scanning-with-dmix-samplr\/\">Num\u00e9risation de mat\u00e9riaux \u00e0 l'aide d'un iPhone avec DMIx SamplR<\/a>\n            <\/h2>\n\t\t\t\t\t\t\t\t<div class=\"penci-hide-tagupdated\">\n\t\t\t<span class=\"author-italic author vcard\">by \t\t\t\t\t\t\t\t\t\t<a class=\"author-url url fn n\" href=\"https:\/\/worldimagingnews.com\/fr\/author\/dan\/\">Personnel<\/a>\t\t\t\t\t\t\t\t\t<\/span>\n\t\t\t<time class=\"entry-date published\" datetime=\"2024-10-25T04:10:02-07:00\">10\/25\/2024<\/time>\t\t<\/div>\n\t\t\t\t\t\t                <div class=\"grid-post-box-meta\">\n\t\t\t\t\t\t\t\t\t\t\t\t\t\t\t                        <span class=\"otherl-date\"><time class=\"entry-date published\" datetime=\"2024-10-25T04:10:02-07:00\">10\/25\/2024<\/time><\/span>\n\t\t\t\t\t\t\t\t\t\t\t\t\t\t\t\t\t\t\t\t\t\t\t\t\t\t\t\t\t\t                <\/div>\n\t\t\t        <\/div>\n\n\t\t\n\t\t\n\t\t    <\/article>\n<\/li>\n\n\t\t\t\t\t\t\t\t\t\t\t\t\t\t\t\t\t\t\t\t\t\t\t\t\t\t\t\t<\/ul>\n\t\t\t\t\t\t\t\t\t\t\t\t\t\t<div class=\"penci-pagination align-left\"><ul class='page-numbers'>\n\t<li><span aria-current=\"page\" class=\"page-numbers current\">1<\/span><\/li>\n\t<li><a class=\"page-numbers\" href=\"https:\/\/worldimagingnews.com\/fr\/wp-json\/wp\/v2\/pages\/261201\/page\/2\/\">2<\/a><\/li>\n\t<li><a class=\"page-numbers\" href=\"https:\/\/worldimagingnews.com\/fr\/wp-json\/wp\/v2\/pages\/261201\/page\/3\/\">3<\/a><\/li>\n\t<li><a class=\"next page-numbers\" href=\"https:\/\/worldimagingnews.com\/fr\/wp-json\/wp\/v2\/pages\/261201\/page\/2\/\"><i class=\"penci-faicon fa fa-angle-right\" ><\/i><\/a><\/li>\n<\/ul>\n<\/div>\t\t\t\t\t\t\t                        <\/div>\n\n\t\t\t\t\t\t                    <\/div>\n                <\/div>\n\t\t\t            <style>\n                                                                                                                                                                            <\/style>\n\t\t\t\t\t\t\t<\/div>\n\t\t\t\t<\/div>\n\t\t\t\t\t<\/div>\n\t\t\t\t<\/div>\n\t\t<div class=\"elementor-element elementor-element-ba6c29d e-flex e-con-boxed e-con e-parent\" data-id=\"ba6c29d\" data-element_type=\"container\" data-e-type=\"container\">\n\t\t\t\t\t<div class=\"e-con-inner\">\n\t\t\t\t<div class=\"elementor-element elementor-element-92ba5a9 elementor-widget elementor-widget-image\" data-id=\"92ba5a9\" data-element_type=\"widget\" data-e-type=\"widget\" data-widget_type=\"image.default\">\n\t\t\t\t<div class=\"elementor-widget-container\">\n\t\t\t\t\t\t\t\t\t\t\t\t\t\t\t<img fetchpriority=\"high\" decoding=\"async\" width=\"601\" height=\"101\" src=\"https:\/\/worldimagingnews.com\/wp-content\/uploads\/2024\/07\/ad-header-600x100-1.png\" class=\"attachment-full size-full wp-image-258545\" alt=\"en-t\u00eate d&#039;annonce 600x100\" srcset=\"https:\/\/worldimagingnews.com\/wp-content\/uploads\/2024\/07\/ad-header-600x100-1.png 601w, https:\/\/worldimagingnews.com\/wp-content\/uploads\/2024\/07\/ad-header-600x100-1-300x50.png 300w, https:\/\/worldimagingnews.com\/wp-content\/uploads\/2024\/07\/ad-header-600x100-1-400x67.png 400w, https:\/\/worldimagingnews.com\/wp-content\/uploads\/2024\/07\/ad-header-600x100-1-150x25.png 150w\" sizes=\"(max-width: 601px) 100vw, 601px\" \/>\t\t\t\t\t\t\t\t\t\t\t\t\t\t\t<\/div>\n\t\t\t\t<\/div>\n\t\t\t\t\t<\/div>\n\t\t\t\t<\/div>\n\t\t\t\t<\/div>","protected":false},"excerpt":{"rendered":"<p>Color control Color Control Color-Logic Certifies PrintFactory Workflow RIP EcoSystem by Staff 08\/05\/2024 08\/05\/2024 AccessoriesColor Measuring Barbieri Honored with Prestigious Pinnacle Product Award 2024 for Spectro Swing qb by Staff&hellip;<\/p>","protected":false},"author":3,"featured_media":0,"parent":0,"menu_order":0,"comment_status":"closed","ping_status":"closed","template":"","meta":{"content-type":"","_lmt_disableupdate":"no","_lmt_disable":"","cybocfi_hide_featured_image":"","footnotes":""},"class_list":["post-261201","page","type-page","status-publish","hentry"],"_links":{"self":[{"href":"https:\/\/worldimagingnews.com\/fr\/wp-json\/wp\/v2\/pages\/261201","targetHints":{"allow":["GET"]}}],"collection":[{"href":"https:\/\/worldimagingnews.com\/fr\/wp-json\/wp\/v2\/pages"}],"about":[{"href":"https:\/\/worldimagingnews.com\/fr\/wp-json\/wp\/v2\/types\/page"}],"author":[{"embeddable":true,"href":"https:\/\/worldimagingnews.com\/fr\/wp-json\/wp\/v2\/users\/3"}],"replies":[{"embeddable":true,"href":"https:\/\/worldimagingnews.com\/fr\/wp-json\/wp\/v2\/comments?post=261201"}],"version-history":[{"count":4,"href":"https:\/\/worldimagingnews.com\/fr\/wp-json\/wp\/v2\/pages\/261201\/revisions"}],"predecessor-version":[{"id":261205,"href":"https:\/\/worldimagingnews.com\/fr\/wp-json\/wp\/v2\/pages\/261201\/revisions\/261205"}],"wp:attachment":[{"href":"https:\/\/worldimagingnews.com\/fr\/wp-json\/wp\/v2\/media?parent=261201"}],"curies":[{"name":"wp","href":"https:\/\/api.w.org\/{rel}","templated":true}]}}