{"id":19382,"date":"2024-02-07T14:25:47","date_gmt":"2024-02-07T22:25:47","guid":{"rendered":"https:\/\/worldimagingnews.com\/?page_id=19382"},"modified":"2024-08-13T14:12:44","modified_gmt":"2024-08-13T21:12:44","slug":"folding-and-packaging","status":"publish","type":"page","link":"https:\/\/worldimagingnews.com\/fr\/folding-and-packaging\/","title":{"rendered":"Pliage et emballage"},"content":{"rendered":"<div data-elementor-type=\"wp-page\" data-elementor-id=\"19382\" class=\"elementor elementor-19382\" data-elementor-post-type=\"page\">\n\t\t\t\t<div class=\"elementor-element elementor-element-9532112 e-flex e-con-boxed e-con e-parent\" data-id=\"9532112\" data-element_type=\"container\" data-e-type=\"container\">\n\t\t\t\t\t<div class=\"e-con-inner\">\n\t\t\t\t<div class=\"elementor-element elementor-element-728a681 elementor-widget elementor-widget-penci-latest-posts\" data-id=\"728a681\" data-element_type=\"widget\" data-e-type=\"widget\" data-widget_type=\"penci-latest-posts.default\">\n\t\t\t\t<div class=\"elementor-widget-container\">\n\t\t\t\t\t                <div id=\"pencilatest_posts_73145\" class=\"penci-latest-posts-sc penci-latest-posts-grid penci-latest-posts-el penci-el-mixed-s1 penci-std-continue-center penci-std-excerpt-center penci-grid-excerpt-left\">\n\t\t\t\t\t\t\t\t\t\t\t                        <div class=\"penci-border-arrow penci-homepage-title penci-home-latest-posts style-7 pcalign-left pciconp-right pcicon-right\">\n                            <h3 class=\"inner-arrow\">\n                                <span>\n\t\t\t\t\t\t\t\t<span>folding and packaging<\/span>                                <\/span>\n                            <\/h3>\n\t\t\t\t\t\t\t                        <\/div>\n\t\t\t\t\t                    <div class=\"penci-wrapper-posts-ajax\">\n\n                        <div class=\"penci-wrapper-posts-content pwid-default\">\n\n\t\t\t\t\t\t\t\t\t\t\t\t\t\t\t                                <ul data-cols=\"3\" data-tcols=\"3\" data-mcols=\"2\" data-layout=\"grid\"\n                                    class=\"has-d-cols has-t-cols has-m-cols penci-wrapper-data penci-grid penci-shortcode-render\">\t\t\t\t\t\t\t\t\t\t\t\t\t\t\t\t\t\t\t\t\t\t\t\t\t\t\t\t\t<li class=\"grid-style\">\n    <article id=\"post-256689\" class=\"item hentry\">\n\t\t            <div class=\"thumbnail\">\n\t\t\t\t\t\t\t\t                    <a class=\"penci-image-holder penci-lazy\"\n                       data-bgset=\"https:\/\/worldimagingnews.com\/wp-content\/uploads\/2024\/04\/bu_05471-ezgif.com-jpg-to-webp-converter.webp\"\n                       href=\"https:\/\/worldimagingnews.com\/fr\/mhm-unveils-innovative-shirt-lupfer-for-automated-garment-unloading\/\" title=\"MHM d\u00e9voile un syst\u00e8me innovant de transfert de chemises pour le d\u00e9chargement automatis\u00e9 des v\u00eatements\">\n                    <\/a>\n\t\t\t\t\n\t\t\t\t\t\t\t\t\t\t\t\t\t\t\t\t\t\t\t\t\t\t\t\t\t\t\t\t\t\t\t\t\t            <\/div>\n\t\t\n        <div class=\"grid-header-box\">\n\t\t\t                <span class=\"cat\"><a style=\"\" class=\"penci-cat-name penci-cat-439\" href=\"https:\/\/worldimagingnews.com\/fr\/category\/screen-print-2\/folding-and-packaging\/\"  rel=\"category tag\"><span style=\"\">Pliage et emballage<\/span><\/a><a style=\"\" class=\"penci-cat-name penci-cat-434\" href=\"https:\/\/worldimagingnews.com\/fr\/category\/screen-print-2\/\"  rel=\"category tag\"><span style=\"\">S\u00e9rigraphie<\/span><\/a><\/span>\n\t\t\t\n            <h2 class=\"penci-entry-title entry-title grid-title penci_grid_title_df\"><a\n                        href=\"https:\/\/worldimagingnews.com\/fr\/mhm-unveils-innovative-shirt-lupfer-for-automated-garment-unloading\/\">MHM d\u00e9voile un syst\u00e8me innovant de transfert de chemises pour le d\u00e9chargement automatis\u00e9 des v\u00eatements<\/a>\n            <\/h2>\n\t\t\t\t\t\t\t\t<div class=\"penci-hide-tagupdated\">\n\t\t\t<span class=\"author-italic author vcard\">by \t\t\t\t\t\t\t\t\t\t<a class=\"author-url url fn n\" href=\"https:\/\/worldimagingnews.com\/fr\/author\/dan\/\">Personnel<\/a>\t\t\t\t\t\t\t\t\t<\/span>\n\t\t\t<time class=\"entry-date published\" datetime=\"2024-04-25T11:51:30-07:00\">04\/25\/2024<\/time>\t\t<\/div>\n\t\t\t\t\t\t                <div class=\"grid-post-box-meta\">\n\t\t\t\t\t\t\t\t\t\t                        <span class=\"otherl-date-author author-italic author vcard\">by                                 <a class=\"author-url url fn n\" href=\"https:\/\/worldimagingnews.com\/fr\/author\/dan\/\">Personnel<\/a>\t\t\t\t\t\t\t<\/span>\n\t\t\t\t\t\t\t\t\t\t                        <span class=\"otherl-date\"><time class=\"entry-date published\" datetime=\"2024-04-25T11:51:30-07:00\">04\/25\/2024<\/time><\/span>\n\t\t\t\t\t\t\t\t\t\t\t\t\t\t\t\t\t\t\t\t\t\t\t\t\t\t\t\t\t\t                <\/div>\n\t\t\t        <\/div>\n\n\t\t            <div class=\"item-content entry-content\">\n\t\t\t\t<p>M\u00dcHLGRABE | Austria &#8211; April 2024 &#8211;\u00a0 Screen print machinery leader MHM has revolutionized the garment production process with the introduction of the Shirt-Lupfer, a groundbreaking automated unloading system. Developed &#8230;<\/p>\n            <\/div>\n\t\t\n\t\t\n\t\t            <div class=\"penci-post-box-meta penci-post-box-grid\">\n                <div class=\"penci-post-share-box\">\n\t\t\t\t\t<a href=\"#\" class=\"penci-post-like\" aria-label=\"Aimer cet article\" data-post_id=\"256689\" title=\"Like\" data-like=\"Like\" data-unlike=\"Unlike\"><i class=\"penci-faicon fa fa-heart-o\" ><\/i><span class=\"dt-share\">0<\/span><\/a>\t\t\t\t\t<a class=\"new-ver-share post-share-item post-share-facebook\" aria-label=\"Partager sur Facebook\" target=\"_blank\"  rel=\"noreferrer\" href=\"https:\/\/www.facebook.com\/sharer\/sharer.php?u=https:\/\/worldimagingnews.com\/fr\/mhm-unveils-innovative-shirt-lupfer-for-automated-garment-unloading\/\"><i class=\"penci-faicon fa fa-facebook\" ><\/i><span class=\"dt-share\">Facebook<\/span><\/a><a class=\"new-ver-share post-share-item post-share-twitter\" aria-label=\"Partager sur Twitter\" target=\"_blank\"  rel=\"noreferrer\" href=\"https:\/\/x.com\/intent\/tweet?text=Check%20out%20this%20article:%20MHM%20Unveils%20Innovative%20Shirt-Lupfer%20for%20Automated%20Garment%20Unloading%20-%20https:\/\/worldimagingnews.com\/fr\/mhm-unveils-innovative-shirt-lupfer-for-automated-garment-unloading\/\"><i class=\"penci-faicon penciicon-x-twitter\" ><\/i><span class=\"dt-share\">Twitter<\/span><\/a><a class=\"new-ver-share post-share-item post-share-pinterest\" aria-label=\"\u00c9pingler sur Pinterest\" data-pin-do=\"none\"  rel=\"noreferrer\" target=\"_blank\" href=\"https:\/\/www.pinterest.com\/pin\/create\/button\/?url=https%3A%2F%2Fworldimagingnews.com%2Ffr%2Fmhm-unveils-innovative-shirt-lupfer-for-automated-garment-unloading%2F&media=https%3A%2F%2Fworldimagingnews.com%2Fwp-content%2Fuploads%2F2024%2F04%2Fbu_05471-ezgif.com-jpg-to-webp-converter.webp&description=MHM+Unveils+Innovative+Shirt-Lupfer+for+Automated+Garment+Unloading\"><i class=\"penci-faicon fa fa-pinterest\" ><\/i><span class=\"dt-share\">Pinterest<\/span><\/a><a class=\"new-ver-share post-share-item post-share-linkedin\" aria-label=\"Partager sur LinkedIn\" target=\"_blank\"  rel=\"noreferrer\" href=\"https:\/\/www.linkedin.com\/shareArticle?mini=true&#038;url=https%3A%2F%2Fworldimagingnews.com%2Ffr%2Fmhm-unveils-innovative-shirt-lupfer-for-automated-garment-unloading%2F&#038;title=MHM%20Unveils%20Innovative%20Shirt-Lupfer%20for%20Automated%20Garment%20Unloading\"><i class=\"penci-faicon fa fa-linkedin\" ><\/i><span class=\"dt-share\">Linkedin<\/span><\/a><a class=\"new-ver-share post-share-item post-share-tumblr\" aria-label=\"Partager sur Tumblr\" target=\"_blank\"  rel=\"noreferrer\" href=\"https:\/\/www.tumblr.com\/share\/link?url=https%3A%2F%2Fworldimagingnews.com%2Ffr%2Fmhm-unveils-innovative-shirt-lupfer-for-automated-garment-unloading%2F&#038;name=MHM%20Unveils%20Innovative%20Shirt-Lupfer%20for%20Automated%20Garment%20Unloading\"><i class=\"penci-faicon fa fa-tumblr\" ><\/i><span class=\"dt-share\">Tumblr<\/span><\/a><a class=\"new-ver-share post-share-item post-share-email\" target=\"_blank\" aria-label=\"Partager par e-mail\"  rel=\"noreferrer\" href=\"mailto:?subject=MHM%20Unveils%20Innovative%20Shirt-Lupfer%20for%20Automated%20Garment%20Unloading&#038;BODY=https:\/\/worldimagingnews.com\/fr\/mhm-unveils-innovative-shirt-lupfer-for-automated-garment-unloading\/\"><i class=\"penci-faicon fa fa-envelope\" ><\/i><span class=\"dt-share\">Courriel<\/span><\/a>                <\/div>\n            <\/div>\n\t\t    <\/article>\n<\/li>\n<li class=\"grid-style\">\n    <article id=\"post-255565\" class=\"item hentry\">\n\t\t            <div class=\"thumbnail\">\n\t\t\t\t\t\t\t\t                    <a class=\"penci-image-holder penci-lazy\"\n                       data-bgset=\"https:\/\/worldimagingnews.com\/wp-content\/uploads\/2024\/03\/roq-out-ezgif.com-png-to-webp-converter.webp\"\n                       href=\"https:\/\/worldimagingnews.com\/fr\/roq-revolutionizes-on-demand-printing-with-launch-of-roq-out-the-compact-garment-folding-packaging-and-labeling-solution\/\" title=\"ROQ r\u00e9volutionne l&#039;impression \u00e0 la demande avec le lancement de ROQ Out : La solution compacte de pliage, d&#039;emballage et d&#039;\u00e9tiquetage des v\u00eatements\">\n                    <\/a>\n\t\t\t\t\n\t\t\t\t\t\t\t\t\t\t\t\t\t\t\t\t\t\t\t\t\t\t\t\t\t\t\t\t\t\t\t\t\t            <\/div>\n\t\t\n        <div class=\"grid-header-box\">\n\t\t\t                <span class=\"cat\"><a style=\"\" class=\"penci-cat-name penci-cat-439\" href=\"https:\/\/worldimagingnews.com\/fr\/category\/screen-print-2\/folding-and-packaging\/\"  rel=\"category tag\"><span style=\"\">Pliage et emballage<\/span><\/a><a style=\"\" class=\"penci-cat-name penci-cat-434\" href=\"https:\/\/worldimagingnews.com\/fr\/category\/screen-print-2\/\"  rel=\"category tag\"><span style=\"\">S\u00e9rigraphie<\/span><\/a><\/span>\n\t\t\t\n            <h2 class=\"penci-entry-title entry-title grid-title penci_grid_title_df\"><a\n                        href=\"https:\/\/worldimagingnews.com\/fr\/roq-revolutionizes-on-demand-printing-with-launch-of-roq-out-the-compact-garment-folding-packaging-and-labeling-solution\/\">ROQ r\u00e9volutionne l'impression \u00e0 la demande avec le lancement de ROQ Out : La solution compacte de pliage, d'emballage et d'\u00e9tiquetage des v\u00eatements<\/a>\n            <\/h2>\n\t\t\t\t\t\t\t\t<div class=\"penci-hide-tagupdated\">\n\t\t\t<span class=\"author-italic author vcard\">by \t\t\t\t\t\t\t\t\t\t<a class=\"author-url url fn n\" href=\"https:\/\/worldimagingnews.com\/fr\/author\/dan\/\">Personnel<\/a>\t\t\t\t\t\t\t\t\t<\/span>\n\t\t\t<time class=\"entry-date published\" datetime=\"2024-03-13T09:25:55-07:00\">03\/13\/2024<\/time>\t\t<\/div>\n\t\t\t\t\t\t                <div class=\"grid-post-box-meta\">\n\t\t\t\t\t\t\t\t\t\t                        <span class=\"otherl-date-author author-italic author vcard\">by                                 <a class=\"author-url url fn n\" href=\"https:\/\/worldimagingnews.com\/fr\/author\/dan\/\">Personnel<\/a>\t\t\t\t\t\t\t<\/span>\n\t\t\t\t\t\t\t\t\t\t                        <span class=\"otherl-date\"><time class=\"entry-date published\" datetime=\"2024-03-13T09:25:55-07:00\">03\/13\/2024<\/time><\/span>\n\t\t\t\t\t\t\t\t\t\t\t\t\t\t\t\t\t\t\t\t\t\t\t\t\t\t\t\t\t\t                <\/div>\n\t\t\t        <\/div>\n\n\t\t            <div class=\"item-content entry-content\">\n\t\t\t\t<p>ROQ is introducing its new ROQ Out for garment folding, packaging and labeling.\u00a0 Oliveira de S. Mateus | Portugal &#8211; March 2024 &#8211; ROQ, a leading innovator in automation solutions &#8230;<\/p>\n            <\/div>\n\t\t\n\t\t\n\t\t            <div class=\"penci-post-box-meta penci-post-box-grid\">\n                <div class=\"penci-post-share-box\">\n\t\t\t\t\t<a href=\"#\" class=\"penci-post-like\" aria-label=\"Aimer cet article\" data-post_id=\"255565\" title=\"Like\" data-like=\"Like\" data-unlike=\"Unlike\"><i class=\"penci-faicon fa fa-heart-o\" ><\/i><span class=\"dt-share\">0<\/span><\/a>\t\t\t\t\t<a class=\"new-ver-share post-share-item post-share-facebook\" aria-label=\"Partager sur Facebook\" target=\"_blank\"  rel=\"noreferrer\" href=\"https:\/\/www.facebook.com\/sharer\/sharer.php?u=https:\/\/worldimagingnews.com\/fr\/roq-revolutionizes-on-demand-printing-with-launch-of-roq-out-the-compact-garment-folding-packaging-and-labeling-solution\/\"><i class=\"penci-faicon fa fa-facebook\" ><\/i><span class=\"dt-share\">Facebook<\/span><\/a><a class=\"new-ver-share post-share-item post-share-twitter\" aria-label=\"Partager sur Twitter\" target=\"_blank\"  rel=\"noreferrer\" href=\"https:\/\/x.com\/intent\/tweet?text=Check%20out%20this%20article:%20ROQ%20Revolutionizes%20On-Demand%20Printing%20with%20Launch%20of%20ROQ%20Out%3A%20The%20Compact%20Garment%20Folding%2C%20Packaging%20and%20Labeling%20Solution%20-%20https:\/\/worldimagingnews.com\/fr\/roq-revolutionizes-on-demand-printing-with-launch-of-roq-out-the-compact-garment-folding-packaging-and-labeling-solution\/\"><i class=\"penci-faicon penciicon-x-twitter\" ><\/i><span class=\"dt-share\">Twitter<\/span><\/a><a class=\"new-ver-share post-share-item post-share-pinterest\" aria-label=\"\u00c9pingler sur Pinterest\" data-pin-do=\"none\"  rel=\"noreferrer\" target=\"_blank\" href=\"https:\/\/www.pinterest.com\/pin\/create\/button\/?url=https%3A%2F%2Fworldimagingnews.com%2Ffr%2Froq-revolutionizes-on-demand-printing-with-launch-of-roq-out-the-compact-garment-folding-packaging-and-labeling-solution%2F&media=https%3A%2F%2Fworldimagingnews.com%2Fwp-content%2Fuploads%2F2024%2F03%2Froq-out-ezgif.com-png-to-webp-converter.webp&description=ROQ+Revolutionizes+On-Demand+Printing+with+Launch+of+ROQ+Out%3A+The+Compact+Garment+Folding%2C+Packaging+and+Labeling+Solution\"><i class=\"penci-faicon fa fa-pinterest\" ><\/i><span class=\"dt-share\">Pinterest<\/span><\/a><a class=\"new-ver-share post-share-item post-share-linkedin\" aria-label=\"Partager sur LinkedIn\" target=\"_blank\"  rel=\"noreferrer\" href=\"https:\/\/www.linkedin.com\/shareArticle?mini=true&#038;url=https%3A%2F%2Fworldimagingnews.com%2Ffr%2Froq-revolutionizes-on-demand-printing-with-launch-of-roq-out-the-compact-garment-folding-packaging-and-labeling-solution%2F&#038;title=ROQ%20Revolutionizes%20On-Demand%20Printing%20with%20Launch%20of%20ROQ%20Out%3A%20The%20Compact%20Garment%20Folding%2C%20Packaging%20and%20Labeling%20Solution\"><i class=\"penci-faicon fa fa-linkedin\" ><\/i><span class=\"dt-share\">Linkedin<\/span><\/a><a class=\"new-ver-share post-share-item post-share-tumblr\" aria-label=\"Partager sur Tumblr\" target=\"_blank\"  rel=\"noreferrer\" href=\"https:\/\/www.tumblr.com\/share\/link?url=https%3A%2F%2Fworldimagingnews.com%2Ffr%2Froq-revolutionizes-on-demand-printing-with-launch-of-roq-out-the-compact-garment-folding-packaging-and-labeling-solution%2F&#038;name=ROQ%20Revolutionizes%20On-Demand%20Printing%20with%20Launch%20of%20ROQ%20Out%3A%20The%20Compact%20Garment%20Folding%2C%20Packaging%20and%20Labeling%20Solution\"><i class=\"penci-faicon fa fa-tumblr\" ><\/i><span class=\"dt-share\">Tumblr<\/span><\/a><a class=\"new-ver-share post-share-item post-share-email\" target=\"_blank\" aria-label=\"Partager par e-mail\"  rel=\"noreferrer\" href=\"mailto:?subject=ROQ%20Revolutionizes%20On-Demand%20Printing%20with%20Launch%20of%20ROQ%20Out:%20The%20Compact%20Garment%20Folding,%20Packaging%20and%20Labeling%20Solution&#038;BODY=https:\/\/worldimagingnews.com\/fr\/roq-revolutionizes-on-demand-printing-with-launch-of-roq-out-the-compact-garment-folding-packaging-and-labeling-solution\/\"><i class=\"penci-faicon fa fa-envelope\" ><\/i><span class=\"dt-share\">Courriel<\/span><\/a>                <\/div>\n            <\/div>\n\t\t    <\/article>\n<\/li>\n<li class=\"grid-style\">\n    <article id=\"post-255457\" class=\"item hentry\">\n\t\t            <div class=\"thumbnail\">\n\t\t\t\t\t\t\t\t                    <a class=\"penci-image-holder penci-lazy\"\n                       data-bgset=\"https:\/\/worldimagingnews.com\/wp-content\/uploads\/2024\/03\/ezgif.com-jpg-to-webp-converter.webp\"\n                       href=\"https:\/\/worldimagingnews.com\/fr\/sewn-products-revolutionizes-screen-printing-with-the-launch-of-the-t-shirt-auto-catcher\/\" title=\"Sewn Products r\u00e9volutionne la s\u00e9rigraphie avec le lancement de l&#039;Auto-Catcher pour t-shirts\">\n                    <\/a>\n\t\t\t\t\n\t\t\t\t\t\t\t\t\t\t\t\t\t\t\t\t\t\t\t\t\t\t\t\t\t\t\t\t\t\t\t\t\t            <\/div>\n\t\t\n        <div class=\"grid-header-box\">\n\t\t\t                <span class=\"cat\"><a style=\"\" class=\"penci-cat-name penci-cat-439\" href=\"https:\/\/worldimagingnews.com\/fr\/category\/screen-print-2\/folding-and-packaging\/\"  rel=\"category tag\"><span style=\"\">Pliage et emballage<\/span><\/a><a style=\"\" class=\"penci-cat-name penci-cat-434\" href=\"https:\/\/worldimagingnews.com\/fr\/category\/screen-print-2\/\"  rel=\"category tag\"><span style=\"\">S\u00e9rigraphie<\/span><\/a><\/span>\n\t\t\t\n            <h2 class=\"penci-entry-title entry-title grid-title penci_grid_title_df\"><a\n                        href=\"https:\/\/worldimagingnews.com\/fr\/sewn-products-revolutionizes-screen-printing-with-the-launch-of-the-t-shirt-auto-catcher\/\">Sewn Products r\u00e9volutionne la s\u00e9rigraphie avec le lancement de l'Auto-Catcher pour t-shirts<\/a>\n            <\/h2>\n\t\t\t\t\t\t\t\t<div class=\"penci-hide-tagupdated\">\n\t\t\t<span class=\"author-italic author vcard\">by \t\t\t\t\t\t\t\t\t\t<a class=\"author-url url fn n\" href=\"https:\/\/worldimagingnews.com\/fr\/author\/dan\/\">Personnel<\/a>\t\t\t\t\t\t\t\t\t<\/span>\n\t\t\t<time class=\"entry-date published\" datetime=\"2024-03-06T07:09:39-08:00\">03\/06\/2024<\/time>\t\t<\/div>\n\t\t\t\t\t\t                <div class=\"grid-post-box-meta\">\n\t\t\t\t\t\t\t\t\t\t                        <span class=\"otherl-date-author author-italic author vcard\">by                                 <a class=\"author-url url fn n\" href=\"https:\/\/worldimagingnews.com\/fr\/author\/dan\/\">Personnel<\/a>\t\t\t\t\t\t\t<\/span>\n\t\t\t\t\t\t\t\t\t\t                        <span class=\"otherl-date\"><time class=\"entry-date published\" datetime=\"2024-03-06T07:09:39-08:00\">03\/06\/2024<\/time><\/span>\n\t\t\t\t\t\t\t\t\t\t\t\t\t\t\t\t\t\t\t\t\t\t\t\t\t\t\t\t\t\t                <\/div>\n\t\t\t        <\/div>\n\n\t\t            <div class=\"item-content entry-content\">\n\t\t\t\t<p>Sewn Products is shipping its T-shirt Catcher, an automated garment folding device designed to save screen printers time and money.\u00a0 JEFFERSON | Georgia &#8211; March 2024 &#8211; Sewn Products, a &#8230;<\/p>\n            <\/div>\n\t\t\n\t\t\n\t\t            <div class=\"penci-post-box-meta penci-post-box-grid\">\n                <div class=\"penci-post-share-box\">\n\t\t\t\t\t<a href=\"#\" class=\"penci-post-like\" aria-label=\"Aimer cet article\" data-post_id=\"255457\" title=\"Like\" data-like=\"Like\" data-unlike=\"Unlike\"><i class=\"penci-faicon fa fa-heart-o\" ><\/i><span class=\"dt-share\">0<\/span><\/a>\t\t\t\t\t<a class=\"new-ver-share post-share-item post-share-facebook\" aria-label=\"Partager sur Facebook\" target=\"_blank\"  rel=\"noreferrer\" href=\"https:\/\/www.facebook.com\/sharer\/sharer.php?u=https:\/\/worldimagingnews.com\/fr\/sewn-products-revolutionizes-screen-printing-with-the-launch-of-the-t-shirt-auto-catcher\/\"><i class=\"penci-faicon fa fa-facebook\" ><\/i><span class=\"dt-share\">Facebook<\/span><\/a><a class=\"new-ver-share post-share-item post-share-twitter\" aria-label=\"Partager sur Twitter\" target=\"_blank\"  rel=\"noreferrer\" href=\"https:\/\/x.com\/intent\/tweet?text=Check%20out%20this%20article:%20Sewn%20Products%20Revolutionizes%20Screen%20Printing%20with%20the%20Launch%20of%20the%20T-Shirt%20Auto-Catcher%20-%20https:\/\/worldimagingnews.com\/fr\/sewn-products-revolutionizes-screen-printing-with-the-launch-of-the-t-shirt-auto-catcher\/\"><i class=\"penci-faicon penciicon-x-twitter\" ><\/i><span class=\"dt-share\">Twitter<\/span><\/a><a class=\"new-ver-share post-share-item post-share-pinterest\" aria-label=\"\u00c9pingler sur Pinterest\" data-pin-do=\"none\"  rel=\"noreferrer\" target=\"_blank\" href=\"https:\/\/www.pinterest.com\/pin\/create\/button\/?url=https%3A%2F%2Fworldimagingnews.com%2Ffr%2Fsewn-products-revolutionizes-screen-printing-with-the-launch-of-the-t-shirt-auto-catcher%2F&media=https%3A%2F%2Fworldimagingnews.com%2Fwp-content%2Fuploads%2F2024%2F03%2Fezgif.com-jpg-to-webp-converter.webp&description=Sewn+Products+Revolutionizes+Screen+Printing+with+the+Launch+of+the+T-Shirt+Auto-Catcher\"><i class=\"penci-faicon fa fa-pinterest\" ><\/i><span class=\"dt-share\">Pinterest<\/span><\/a><a class=\"new-ver-share post-share-item post-share-linkedin\" aria-label=\"Partager sur LinkedIn\" target=\"_blank\"  rel=\"noreferrer\" href=\"https:\/\/www.linkedin.com\/shareArticle?mini=true&#038;url=https%3A%2F%2Fworldimagingnews.com%2Ffr%2Fsewn-products-revolutionizes-screen-printing-with-the-launch-of-the-t-shirt-auto-catcher%2F&#038;title=Sewn%20Products%20Revolutionizes%20Screen%20Printing%20with%20the%20Launch%20of%20the%20T-Shirt%20Auto-Catcher\"><i class=\"penci-faicon fa fa-linkedin\" ><\/i><span class=\"dt-share\">Linkedin<\/span><\/a><a class=\"new-ver-share post-share-item post-share-tumblr\" aria-label=\"Partager sur Tumblr\" target=\"_blank\"  rel=\"noreferrer\" href=\"https:\/\/www.tumblr.com\/share\/link?url=https%3A%2F%2Fworldimagingnews.com%2Ffr%2Fsewn-products-revolutionizes-screen-printing-with-the-launch-of-the-t-shirt-auto-catcher%2F&#038;name=Sewn%20Products%20Revolutionizes%20Screen%20Printing%20with%20the%20Launch%20of%20the%20T-Shirt%20Auto-Catcher\"><i class=\"penci-faicon fa fa-tumblr\" ><\/i><span class=\"dt-share\">Tumblr<\/span><\/a><a class=\"new-ver-share post-share-item post-share-email\" target=\"_blank\" aria-label=\"Partager par e-mail\"  rel=\"noreferrer\" href=\"mailto:?subject=Sewn%20Products%20Revolutionizes%20Screen%20Printing%20with%20the%20Launch%20of%20the%20T-Shirt%20Auto-Catcher&#038;BODY=https:\/\/worldimagingnews.com\/fr\/sewn-products-revolutionizes-screen-printing-with-the-launch-of-the-t-shirt-auto-catcher\/\"><i class=\"penci-faicon fa fa-envelope\" ><\/i><span class=\"dt-share\">Courriel<\/span><\/a>                <\/div>\n            <\/div>\n\t\t    <\/article>\n<\/li>\n\n\t\t\t\t\t\t\t\t\t\t\t\t\t\t\t\t\t\t\t\t\t\t\t\t\t\t\t\t<\/ul>\n\t\t\t\t\t\t\t\t\t\t\t\t\t\t\t\t\t\t\t\t\t                        <\/div>\n\n\t\t\t\t\t\t                    <\/div>\n                <\/div>\n\t\t\t            <style>\n                                                                                                                                                                            <\/style>\n\t\t\t\t\t\t\t<\/div>\n\t\t\t\t<\/div>\n\t\t\t\t\t<\/div>\n\t\t\t\t<\/div>\n\t\t\t\t<\/div>","protected":false},"excerpt":{"rendered":"<p>folding and packaging Folding and PackagingScreen Print MHM Unveils Innovative Shirt-Lupfer for Automated Garment Unloading by Staff 04\/25\/2024 by Staff 04\/25\/2024 M\u00dcHLGRABE | Austria &#8211; April 2024 &#8211;\u00a0 Screen print&hellip;<\/p>","protected":false},"author":3,"featured_media":0,"parent":0,"menu_order":0,"comment_status":"closed","ping_status":"closed","template":"","meta":{"content-type":"","_lmt_disableupdate":"no","_lmt_disable":"","cybocfi_hide_featured_image":"","footnotes":""},"class_list":["post-19382","page","type-page","status-publish","hentry"],"_links":{"self":[{"href":"https:\/\/worldimagingnews.com\/fr\/wp-json\/wp\/v2\/pages\/19382","targetHints":{"allow":["GET"]}}],"collection":[{"href":"https:\/\/worldimagingnews.com\/fr\/wp-json\/wp\/v2\/pages"}],"about":[{"href":"https:\/\/worldimagingnews.com\/fr\/wp-json\/wp\/v2\/types\/page"}],"author":[{"embeddable":true,"href":"https:\/\/worldimagingnews.com\/fr\/wp-json\/wp\/v2\/users\/3"}],"replies":[{"embeddable":true,"href":"https:\/\/worldimagingnews.com\/fr\/wp-json\/wp\/v2\/comments?post=19382"}],"version-history":[{"count":6,"href":"https:\/\/worldimagingnews.com\/fr\/wp-json\/wp\/v2\/pages\/19382\/revisions"}],"predecessor-version":[{"id":260224,"href":"https:\/\/worldimagingnews.com\/fr\/wp-json\/wp\/v2\/pages\/19382\/revisions\/260224"}],"wp:attachment":[{"href":"https:\/\/worldimagingnews.com\/fr\/wp-json\/wp\/v2\/media?parent=19382"}],"curies":[{"name":"wp","href":"https:\/\/api.w.org\/{rel}","templated":true}]}}