{"id":19344,"date":"2024-02-07T14:09:24","date_gmt":"2024-02-07T22:09:24","guid":{"rendered":"https:\/\/worldimagingnews.com\/?page_id=19344"},"modified":"2024-08-13T16:13:17","modified_gmt":"2024-08-13T23:13:17","slug":"signage-banner-stand-gear","status":"publish","type":"page","link":"https:\/\/worldimagingnews.com\/fr\/signage-banner-stand-gear\/","title":{"rendered":"Signal\u00e9tique - Mat\u00e9riel pour stand de banni\u00e8re"},"content":{"rendered":"<div data-elementor-type=\"wp-page\" data-elementor-id=\"19344\" class=\"elementor elementor-19344\" data-elementor-post-type=\"page\">\n\t\t\t\t<div class=\"elementor-element elementor-element-9db92f6 e-flex e-con-boxed e-con e-parent\" data-id=\"9db92f6\" data-element_type=\"container\" data-e-type=\"container\">\n\t\t\t\t\t<div class=\"e-con-inner\">\n\t\t\t\t<div class=\"elementor-element elementor-element-245c0ec elementor-widget elementor-widget-penci-latest-posts\" data-id=\"245c0ec\" data-element_type=\"widget\" data-e-type=\"widget\" data-widget_type=\"penci-latest-posts.default\">\n\t\t\t\t<div class=\"elementor-widget-container\">\n\t\t\t\t\t                <div id=\"pencilatest_posts_7806\" class=\"penci-latest-posts-sc penci-latest-posts-grid penci-latest-posts-el penci-el-mixed-s1 penci-std-continue-center penci-std-excerpt-center penci-grid-excerpt-left\">\n\t\t\t\t\t\t\t\t\t\t\t                        <div class=\"penci-border-arrow penci-homepage-title penci-home-latest-posts style-7 pcalign-left pciconp-right pcicon-right\">\n                            <h3 class=\"inner-arrow\">\n                                <span>\n\t\t\t\t\t\t\t\t<span>Signalisation<\/span>                                <\/span>\n                            <\/h3>\n\t\t\t\t\t\t\t                        <\/div>\n\t\t\t\t\t                    <div class=\"penci-wrapper-posts-ajax\">\n\n                        <div class=\"penci-wrapper-posts-content pwid-default\">\n\n\t\t\t\t\t\t\t\t\t\t\t\t\t\t\t                                <ul data-cols=\"3\" data-tcols=\"3\" data-mcols=\"2\" data-layout=\"grid\"\n                                    class=\"has-d-cols has-t-cols has-m-cols penci-wrapper-data penci-grid penci-shortcode-render\">\t\t\t\t\t\t\t\t\t\t\t\t\t\t\t\t\t\t\t\t\t\t\t\t\t\t\t\t\t<li class=\"grid-style\">\n    <article id=\"post-265138\" class=\"item hentry\">\n\t\t            <div class=\"thumbnail\">\n\t\t\t\t\t\t\t\t                    <a class=\"penci-image-holder penci-lazy\" data-bgset=\"https:\/\/worldimagingnews.com\/wp-content\/uploads\/2025\/10\/Mutoh-HydrAton-1642-585x390.jpg\" href=\"https:\/\/worldimagingnews.com\/fr\/technology-showcase-recap-mutoh-hydraton-1642-aquafuze-water-based-uv-impress-at-printing-united-2025\/\" title=\"Technology Showcase Recap: MUTOH HydrAton 1642 + AQUAFUZE\u2122 Water-Based UV Impress at PRINTING United 2025\">\n                    <\/a>\n\t\t\t\t\n\t\t\t\t\t\t\t\t\t\t\t\t\t\t\t\t\t\t\t\t\t\t\t\t\t\t\t\t\t\t\t\t\t            <\/div>\n\t\t\n        <div class=\"grid-header-box\">\n\t\t\t                <span class=\"cat\"><a style=\"\" class=\"penci-cat-name penci-cat-807\" href=\"https:\/\/worldimagingnews.com\/fr\/categorie\/nouvelles-en-vedette\/\" rel=\"category tag\"><span style=\"\">Actualit\u00e9s<\/span><\/a><a style=\"\" class=\"penci-cat-name penci-cat-72\" href=\"https:\/\/worldimagingnews.com\/fr\/categorie\/applications\/signalisation\/\" rel=\"category tag\"><span style=\"\">Signalisation<\/span><\/a><\/span>\n\t\t\t\n            <h2 class=\"penci-entry-title entry-title grid-title penci_grid_title_df\"><a href=\"https:\/\/worldimagingnews.com\/fr\/technology-showcase-recap-mutoh-hydraton-1642-aquafuze-water-based-uv-impress-at-printing-united-2025\/\">Technology Showcase Recap: MUTOH HydrAton 1642 + AQUAFUZE\u2122 Water-Based UV Impress at PRINTING United 2025<\/a>\n            <\/h2>\n\t\t\t\t\t\t\t\t<div class=\"penci-hide-tagupdated\">\n\t\t\t<span class=\"author-italic author vcard\">by \t\t\t\t\t\t\t\t\t\t<a class=\"author-url url fn n\" href=\"https:\/\/worldimagingnews.com\/fr\/author\/dan\/\">Personnel<\/a>\t\t\t\t\t\t\t\t\t<\/span>\n\t\t\t<time class=\"entry-date published\" datetime=\"2025-10-30T07:55:26-07:00\">10\/30\/2025<\/time>\t\t<\/div>\n\t\t\t\t\t\t                <div class=\"grid-post-box-meta\">\n\t\t\t\t\t\t\t\t\t\t\t\t\t\t\t                        <span class=\"otherl-date\"><time class=\"entry-date published\" datetime=\"2025-10-30T07:55:26-07:00\">10\/30\/2025<\/time><\/span>\n\t\t\t\t\t\t\t\t\t\t\t\t\t\t\t\t\t\t\t\t\t\t\t\t\t\t\t\t\t\t                <\/div>\n\t\t\t        <\/div>\n\n\t\t            <div class=\"item-content entry-content\">\n\t\t\t\t<p>PHOENIX | Arizone &#8211; October 2025 &#8211; MUTOH America, Inc. drew strong attention at PRINTING United 2025 with the U.S. debut of its HydrAton 1642 roll-to-roll printer, powered by AQUAFUZE\u2122 &#8230;<\/p>\n            <\/div>\n\t\t\n\t\t\n\t\t    <\/article>\n<\/li>\n<li class=\"grid-style\">\n    <article id=\"post-265088\" class=\"item hentry\">\n\t\t            <div class=\"thumbnail\">\n\t\t\t\t\t\t\t\t                    <a class=\"penci-image-holder penci-lazy\" data-bgset=\"https:\/\/worldimagingnews.com\/wp-content\/uploads\/2025\/10\/Untitled-Design-1400x795-11-585x390.png\" href=\"https:\/\/worldimagingnews.com\/fr\/mutoh-launches-the-xpertjet-1641sr-pro-ii-faster-smarter-and-production-ready\/\" title=\"MUTOH Launches the XpertJet 1641SR Pro II \u2013 Faster, Smarter, and Production-Ready\">\n                    <\/a>\n\t\t\t\t\n\t\t\t\t\t\t\t\t\t\t\t\t\t\t\t\t\t\t\t\t\t\t\t\t\t\t\t\t\t\t\t\t\t            <\/div>\n\t\t\n        <div class=\"grid-header-box\">\n\t\t\t                <span class=\"cat\"><a style=\"\" class=\"penci-cat-name penci-cat-416\" href=\"https:\/\/worldimagingnews.com\/fr\/categorie\/printers\/eco\/\" rel=\"category tag\"><span style=\"\">Eco<\/span><\/a><a style=\"\" class=\"penci-cat-name penci-cat-72\" href=\"https:\/\/worldimagingnews.com\/fr\/categorie\/applications\/signalisation\/\" rel=\"category tag\"><span style=\"\">Signalisation<\/span><\/a><a style=\"\" class=\"penci-cat-name penci-cat-78\" href=\"https:\/\/worldimagingnews.com\/fr\/categorie\/applications\/wraps-applications\/\" rel=\"category tag\"><span style=\"\">Wraps<\/span><\/a><\/span>\n\t\t\t\n            <h2 class=\"penci-entry-title entry-title grid-title penci_grid_title_df\"><a href=\"https:\/\/worldimagingnews.com\/fr\/mutoh-launches-the-xpertjet-1641sr-pro-ii-faster-smarter-and-production-ready\/\">MUTOH Launches the XpertJet 1641SR Pro II \u2013 Faster, Smarter, and Production-Ready<\/a>\n            <\/h2>\n\t\t\t\t\t\t\t\t<div class=\"penci-hide-tagupdated\">\n\t\t\t<span class=\"author-italic author vcard\">by \t\t\t\t\t\t\t\t\t\t<a class=\"author-url url fn n\" href=\"https:\/\/worldimagingnews.com\/fr\/author\/dan\/\">Personnel<\/a>\t\t\t\t\t\t\t\t\t<\/span>\n\t\t\t<time class=\"entry-date published\" datetime=\"2025-10-16T06:08:24-07:00\">10\/16\/2025<\/time>\t\t<\/div>\n\t\t\t\t\t\t                <div class=\"grid-post-box-meta\">\n\t\t\t\t\t\t\t\t\t\t\t\t\t\t\t                        <span class=\"otherl-date\"><time class=\"entry-date published\" datetime=\"2025-10-16T06:08:24-07:00\">10\/16\/2025<\/time><\/span>\n\t\t\t\t\t\t\t\t\t\t\t\t\t\t\t\t\t\t\t\t\t\t\t\t\t\t\t\t\t\t                <\/div>\n\t\t\t        <\/div>\n\n\t\t            <div class=\"item-content entry-content\">\n\t\t\t\t<p>PHOENIX | Arizona &#8211; October 2025 &#8211; MUTOH America, Inc. has unveiled the XpertJet 1641SR Pro II, a 1.6-meter (64\u201d) eco-solvent printer engineered for professionals who demand speed, precision, and &#8230;<\/p>\n            <\/div>\n\t\t\n\t\t\n\t\t    <\/article>\n<\/li>\n<li class=\"grid-style\">\n    <article id=\"post-265083\" class=\"item hentry\">\n\t\t            <div class=\"thumbnail\">\n\t\t\t\t\t\t\t\t                    <a class=\"penci-image-holder penci-lazy\" data-bgset=\"https:\/\/worldimagingnews.com\/wp-content\/uploads\/2025\/10\/Untitled-Design-1400x795-9-585x390.png\" href=\"https:\/\/worldimagingnews.com\/fr\/hp-redefines-scalability-and-productivity-with-new-hp-latex-fs70-w-hp-latex-productivity-kit-and-enhanced-hp-printos-production-hub-to-transform-every-print-once-again\/\" title=\"HP Redefines Scalability and Productivity with New HP\u00a0Latex\u00a0FS70\u00a0W\">\n                    <\/a>\n\t\t\t\t\n\t\t\t\t\t\t\t\t\t\t\t\t\t\t\t\t\t\t\t\t\t\t\t\t\t\t\t\t\t\t\t\t\t            <\/div>\n\t\t\n        <div class=\"grid-header-box\">\n\t\t\t                <span class=\"cat\"><a style=\"\" class=\"penci-cat-name penci-cat-807\" href=\"https:\/\/worldimagingnews.com\/fr\/categorie\/nouvelles-en-vedette\/\" rel=\"category tag\"><span style=\"\">Actualit\u00e9s<\/span><\/a><a style=\"\" class=\"penci-cat-name penci-cat-225\" href=\"https:\/\/worldimagingnews.com\/fr\/categorie\/printers\/latex-printers\/\" rel=\"category tag\"><span style=\"\">Latex<\/span><\/a><a style=\"\" class=\"penci-cat-name penci-cat-72\" href=\"https:\/\/worldimagingnews.com\/fr\/categorie\/applications\/signalisation\/\" rel=\"category tag\"><span style=\"\">Signalisation<\/span><\/a><\/span>\n\t\t\t\n            <h2 class=\"penci-entry-title entry-title grid-title penci_grid_title_df\"><a href=\"https:\/\/worldimagingnews.com\/fr\/hp-redefines-scalability-and-productivity-with-new-hp-latex-fs70-w-hp-latex-productivity-kit-and-enhanced-hp-printos-production-hub-to-transform-every-print-once-again\/\">HP Redefines Scalability and Productivity with New HP\u00a0Latex\u00a0FS70\u00a0W<\/a>\n            <\/h2>\n\t\t\t\t\t\t\t\t<div class=\"penci-hide-tagupdated\">\n\t\t\t<span class=\"author-italic author vcard\">by \t\t\t\t\t\t\t\t\t\t<a class=\"author-url url fn n\" href=\"https:\/\/worldimagingnews.com\/fr\/author\/dan\/\">Personnel<\/a>\t\t\t\t\t\t\t\t\t<\/span>\n\t\t\t<time class=\"entry-date published\" datetime=\"2025-10-15T08:15:19-07:00\">10\/15\/2025<\/time>\t\t<\/div>\n\t\t\t\t\t\t                <div class=\"grid-post-box-meta\">\n\t\t\t\t\t\t\t\t\t\t\t\t\t\t\t                        <span class=\"otherl-date\"><time class=\"entry-date published\" datetime=\"2025-10-15T08:15:19-07:00\">10\/15\/2025<\/time><\/span>\n\t\t\t\t\t\t\t\t\t\t\t\t\t\t\t\t\t\t\t\t\t\t\t\t\t\t\t\t\t\t                <\/div>\n\t\t\t        <\/div>\n\n\t\t            <div class=\"item-content entry-content\">\n\t\t\t\t<p>The new HP\u00a0Latex\u00a0FS70\u00a0W succeeds the HP\u00a0Latex\u00a03X00 series, to deliver on HP\u2019s scalable platform promise enabling Print Service Providers to expand seamlessly, reduce complexity, and unlock new revenue streams while delivering &#8230;<\/p>\n            <\/div>\n\t\t\n\t\t\n\t\t    <\/article>\n<\/li>\n<li class=\"grid-style\">\n    <article id=\"post-264863\" class=\"item hentry\">\n\t\t            <div class=\"thumbnail\">\n\t\t\t\t\t\t\t\t                    <a class=\"penci-image-holder penci-lazy\" data-bgset=\"https:\/\/worldimagingnews.com\/wp-content\/uploads\/2025\/09\/De-Minimus-Tariff-Rule-Ends-3-585x390.png\" href=\"https:\/\/worldimagingnews.com\/fr\/vantage-update-adds-time-tracking-for-installations-and-simplifies-planning-for-print-sign-shops\/\" title=\"Vantage Update Adds Time Tracking For Installations and Simplifies Planning for Print &#038; Sign Shops\">\n                    <\/a>\n\t\t\t\t\n\t\t\t\t\t\t\t\t\t\t\t\t\t\t\t\t\t\t\t\t\t\t\t\t\t\t\t\t\t\t\t\t\t            <\/div>\n\t\t\n        <div class=\"grid-header-box\">\n\t\t\t                <span class=\"cat\"><a style=\"\" class=\"penci-cat-name penci-cat-35\" href=\"https:\/\/worldimagingnews.com\/fr\/categorie\/logiciel\/business-and-production\/\" rel=\"category tag\"><span style=\"\">Entreprises et production<\/span><\/a><a style=\"\" class=\"penci-cat-name penci-cat-72\" href=\"https:\/\/worldimagingnews.com\/fr\/categorie\/applications\/signalisation\/\" rel=\"category tag\"><span style=\"\">Signalisation<\/span><\/a><\/span>\n\t\t\t\n            <h2 class=\"penci-entry-title entry-title grid-title penci_grid_title_df\"><a href=\"https:\/\/worldimagingnews.com\/fr\/vantage-update-adds-time-tracking-for-installations-and-simplifies-planning-for-print-sign-shops\/\">Vantage Update Adds Time Tracking For Installations and Simplifies Planning for Print &#038; Sign Shops<\/a>\n            <\/h2>\n\t\t\t\t\t\t\t\t<div class=\"penci-hide-tagupdated\">\n\t\t\t<span class=\"author-italic author vcard\">by \t\t\t\t\t\t\t\t\t\t<a class=\"author-url url fn n\" href=\"https:\/\/worldimagingnews.com\/fr\/author\/dan\/\">Personnel<\/a>\t\t\t\t\t\t\t\t\t<\/span>\n\t\t\t<time class=\"entry-date published\" datetime=\"2025-09-17T08:39:59-07:00\">09\/17\/2025<\/time>\t\t<\/div>\n\t\t\t\t\t\t                <div class=\"grid-post-box-meta\">\n\t\t\t\t\t\t\t\t\t\t\t\t\t\t\t                        <span class=\"otherl-date\"><time class=\"entry-date published\" datetime=\"2025-09-17T08:39:59-07:00\">09\/17\/2025<\/time><\/span>\n\t\t\t\t\t\t\t\t\t\t\t\t\t\t\t\t\t\t\t\t\t\t\t\t\t\t\t\t\t\t                <\/div>\n\t\t\t        <\/div>\n\n\t\t            <div class=\"item-content entry-content\">\n\t\t\t\t<p>USA \u2013 September 2025 \u2013 Vantage, an installation management software for the wide-format print and signage industry, has launched a major update designed to streamline scheduling, track installer hours, and &#8230;<\/p>\n            <\/div>\n\t\t\n\t\t\n\t\t    <\/article>\n<\/li>\n<li class=\"grid-style\">\n    <article id=\"post-16517\" class=\"item hentry\">\n\t\t            <div class=\"thumbnail\">\n\t\t\t\t\t\t\t\t                    <a class=\"penci-image-holder penci-lazy\" data-bgset=\"https:\/\/worldimagingnews.com\/wp-content\/uploads\/2023\/12\/logojet-breaks-new-ground-with-launch-of-strata-series-flatbeds.webp\" href=\"https:\/\/worldimagingnews.com\/fr\/logojet-breaks-new-ground-with-launch-of-strata-series-flatbeds\/\" title=\"LogoJET Breaks New Ground with Launch of Strata Series Flatbeds\">\n                    <\/a>\n\t\t\t\t\n\t\t\t\t\t\t\t\t\t\t\t\t\t\t\t\t\t\t\t\t\t\t\t\t\t\t\t\t\t\t\t\t\t            <\/div>\n\t\t\n        <div class=\"grid-header-box\">\n\t\t\t                <span class=\"cat\"><a style=\"\" class=\"penci-cat-name penci-cat-135\" href=\"https:\/\/worldimagingnews.com\/fr\/categorie\/applications\/industrial\/\" rel=\"category tag\"><span style=\"\">Industriel<\/span><\/a><a style=\"\" class=\"penci-cat-name penci-cat-212\" href=\"https:\/\/worldimagingnews.com\/fr\/categorie\/printers\/\" rel=\"category tag\"><span style=\"\">Imprimantes<\/span><\/a><a style=\"\" class=\"penci-cat-name penci-cat-72\" href=\"https:\/\/worldimagingnews.com\/fr\/categorie\/applications\/signalisation\/\" rel=\"category tag\"><span style=\"\">Signalisation<\/span><\/a><a style=\"\" class=\"penci-cat-name penci-cat-229\" href=\"https:\/\/worldimagingnews.com\/fr\/categorie\/printers\/uv-printers\/\" rel=\"category tag\"><span style=\"\">Imprimante UV<\/span><\/a><\/span>\n\t\t\t\n            <h2 class=\"penci-entry-title entry-title grid-title penci_grid_title_df\"><a href=\"https:\/\/worldimagingnews.com\/fr\/logojet-breaks-new-ground-with-launch-of-strata-series-flatbeds\/\">LogoJET Breaks New Ground with Launch of Strata Series Flatbeds<\/a>\n            <\/h2>\n\t\t\t\t\t\t\t\t<div class=\"penci-hide-tagupdated\">\n\t\t\t<span class=\"author-italic author vcard\">by \t\t\t\t\t\t\t\t\t\t<a class=\"author-url url fn n\" href=\"https:\/\/worldimagingnews.com\/fr\/author\/dan\/\">Personnel<\/a>\t\t\t\t\t\t\t\t\t<\/span>\n\t\t\t<time class=\"entry-date published\" datetime=\"2023-12-20T16:23:50-08:00\">12\/20\/2023<\/time>\t\t<\/div>\n\t\t\t\t\t\t                <div class=\"grid-post-box-meta\">\n\t\t\t\t\t\t\t\t\t\t\t\t\t\t\t                        <span class=\"otherl-date\"><time class=\"entry-date published\" datetime=\"2023-12-20T16:23:50-08:00\">12\/20\/2023<\/time><\/span>\n\t\t\t\t\t\t\t\t\t\t\t\t\t\t\t\t\t\t\t\t\t\t\t\t\t\t\t\t\t\t                <\/div>\n\t\t\t        <\/div>\n\n\t\t            <div class=\"item-content entry-content\">\n\t\t\t\t<p>LAFAYETTE, Louisiana &#8211; November 2023 &#8211; LogoJET is excited to announce the launch of its game-changing Strata Series. With 18 years of delivering top-of-the-line small format printers, LogoJET expands its &#8230;<\/p>\n            <\/div>\n\t\t\n\t\t\n\t\t    <\/article>\n<\/li>\n<li class=\"grid-style\">\n    <article id=\"post-16781\" class=\"item hentry\">\n\t\t            <div class=\"thumbnail\">\n\t\t\t\t\t\t\t\t                    <a class=\"penci-image-holder penci-lazy\" data-bgset=\"https:\/\/worldimagingnews.com\/wp-content\/uploads\/2023\/12\/auto-draft.webp\" href=\"https:\/\/worldimagingnews.com\/fr\/brother-industries-ltd-unveils-innovative-wf1-l640-latex-wide-format-printer-for-signs-and-displays\/\" title=\"Brother Industries, Ltd. d\u00e9voile l&#039;innovante imprimante grand format au latex WF1-L640 pour les enseignes et les pr\u00e9sentoirs\">\n                    <\/a>\n\t\t\t\t\n\t\t\t\t\t\t\t\t\t\t\t\t\t\t\t\t\t\t\t\t\t\t\t\t\t\t\t\t\t\t\t\t\t            <\/div>\n\t\t\n        <div class=\"grid-header-box\">\n\t\t\t                <span class=\"cat\"><a style=\"\" class=\"penci-cat-name penci-cat-225\" href=\"https:\/\/worldimagingnews.com\/fr\/categorie\/printers\/latex-printers\/\" rel=\"category tag\"><span style=\"\">Latex<\/span><\/a><a style=\"\" class=\"penci-cat-name penci-cat-212\" href=\"https:\/\/worldimagingnews.com\/fr\/categorie\/printers\/\" rel=\"category tag\"><span style=\"\">Imprimantes<\/span><\/a><a style=\"\" class=\"penci-cat-name penci-cat-137\" href=\"https:\/\/worldimagingnews.com\/fr\/categorie\/applications\/retail-displays\/\" rel=\"category tag\"><span style=\"\">Pr\u00e9sentoirs pour le commerce de d\u00e9tail<\/span><\/a><a style=\"\" class=\"penci-cat-name penci-cat-72\" href=\"https:\/\/worldimagingnews.com\/fr\/categorie\/applications\/signalisation\/\" rel=\"category tag\"><span style=\"\">Signalisation<\/span><\/a><\/span>\n\t\t\t\n            <h2 class=\"penci-entry-title entry-title grid-title penci_grid_title_df\"><a href=\"https:\/\/worldimagingnews.com\/fr\/brother-industries-ltd-unveils-innovative-wf1-l640-latex-wide-format-printer-for-signs-and-displays\/\">Brother Industries, Ltd. d\u00e9voile l'innovante imprimante grand format au latex WF1-L640 pour les enseignes et les pr\u00e9sentoirs<\/a>\n            <\/h2>\n\t\t\t\t\t\t\t\t<div class=\"penci-hide-tagupdated\">\n\t\t\t<span class=\"author-italic author vcard\">by \t\t\t\t\t\t\t\t\t\t<a class=\"author-url url fn n\" href=\"https:\/\/worldimagingnews.com\/fr\/author\/dan\/\">Personnel<\/a>\t\t\t\t\t\t\t\t\t<\/span>\n\t\t\t<time class=\"entry-date published\" datetime=\"2023-12-18T15:53:12-08:00\">12\/18\/2023<\/time>\t\t<\/div>\n\t\t\t\t\t\t                <div class=\"grid-post-box-meta\">\n\t\t\t\t\t\t\t\t\t\t\t\t\t\t\t                        <span class=\"otherl-date\"><time class=\"entry-date published\" datetime=\"2023-12-18T15:53:12-08:00\">12\/18\/2023<\/time><\/span>\n\t\t\t\t\t\t\t\t\t\t\t\t\t\t\t\t\t\t\t\t\t\t\t\t\t\t\t\t\t\t                <\/div>\n\t\t\t        <\/div>\n\n\t\t            <div class=\"item-content entry-content\">\n\t\t\t\t<p>TOKYO, Japan &#8211; November 2023 &#8211;Brother Industries, Ltd. announces the development of the WF1-L640 Latex Wide-Format Printer, a cutting-edge addition to its product lineup designed for applications such as outdoor &#8230;<\/p>\n            <\/div>\n\t\t\n\t\t\n\t\t    <\/article>\n<\/li>\n\n\t\t\t\t\t\t\t\t\t\t\t\t\t\t\t\t\t\t\t\t\t\t\t\t\t\t\t\t<\/ul>\n\t\t\t\t\t\t\t\t\t\t\t\t\t\t<div class=\"penci-pagination align-left\"><ul class='page-numbers'>\n\t<li><span aria-current=\"page\" class=\"page-numbers current\">1<\/span><\/li>\n\t<li><a class=\"page-numbers\" href=\"https:\/\/worldimagingnews.com\/wp-json\/wp\/v2\/pages\/19344\/page\/2\/\">2<\/a><\/li>\n\t<li><a class=\"next page-numbers\" href=\"https:\/\/worldimagingnews.com\/wp-json\/wp\/v2\/pages\/19344\/page\/2\/\"><i class=\"penci-faicon fa fa-angle-right\" ><\/i><\/a><\/li>\n<\/ul>\n<\/div>\t\t\t\t\t\t\t                        <\/div>\n\n\t\t\t\t\t\t                    <\/div>\n                <\/div>\n\t\t\t            <style>\n                                                                                                                                                                            <\/style>\n\t\t\t\t\t\t\t<\/div>\n\t\t\t\t<\/div>\n\t\t\t\t\t<\/div>\n\t\t\t\t<\/div>\n\t\t\t\t<\/div>","protected":false},"excerpt":{"rendered":"<p>Signage LatexPrintersRetail DisplaysSignage HP Expands Latex Range with New Entry\u2010Level 630\u2010Series by Staff 3 12\/21\/2023 12\/21\/2023 PALO ALTO, California &#8211; September 2023 \u2013 HP Inc (NYSE: HPQ) launched the new&hellip;<\/p>","protected":false},"author":3,"featured_media":0,"parent":0,"menu_order":0,"comment_status":"closed","ping_status":"closed","template":"","meta":{"content-type":"","_lmt_disableupdate":"no","_lmt_disable":"","cybocfi_hide_featured_image":"","footnotes":""},"class_list":["post-19344","page","type-page","status-publish","hentry"],"_links":{"self":[{"href":"https:\/\/worldimagingnews.com\/fr\/wp-json\/wp\/v2\/pages\/19344","targetHints":{"allow":["GET"]}}],"collection":[{"href":"https:\/\/worldimagingnews.com\/fr\/wp-json\/wp\/v2\/pages"}],"about":[{"href":"https:\/\/worldimagingnews.com\/fr\/wp-json\/wp\/v2\/types\/page"}],"author":[{"embeddable":true,"href":"https:\/\/worldimagingnews.com\/fr\/wp-json\/wp\/v2\/users\/3"}],"replies":[{"embeddable":true,"href":"https:\/\/worldimagingnews.com\/fr\/wp-json\/wp\/v2\/comments?post=19344"}],"version-history":[{"count":6,"href":"https:\/\/worldimagingnews.com\/fr\/wp-json\/wp\/v2\/pages\/19344\/revisions"}],"predecessor-version":[{"id":260346,"href":"https:\/\/worldimagingnews.com\/fr\/wp-json\/wp\/v2\/pages\/19344\/revisions\/260346"}],"wp:attachment":[{"href":"https:\/\/worldimagingnews.com\/fr\/wp-json\/wp\/v2\/media?parent=19344"}],"curies":[{"name":"wp","href":"https:\/\/api.w.org\/{rel}","templated":true}]}}