{"id":19287,"date":"2024-02-07T13:46:32","date_gmt":"2024-02-07T21:46:32","guid":{"rendered":"https:\/\/worldimagingnews.com\/?page_id=19287"},"modified":"2024-08-13T15:32:37","modified_gmt":"2024-08-13T22:32:37","slug":"printable-media","status":"publish","type":"page","link":"https:\/\/worldimagingnews.com\/fr\/printable-media\/","title":{"rendered":"Supports imprimables"},"content":{"rendered":"<div data-elementor-type=\"wp-page\" data-elementor-id=\"19287\" class=\"elementor elementor-19287\" data-elementor-post-type=\"page\">\n\t\t\t\t<div class=\"elementor-element elementor-element-8a5f6bf e-flex e-con-boxed e-con e-parent\" data-id=\"8a5f6bf\" data-element_type=\"container\" data-e-type=\"container\">\n\t\t\t\t\t<div class=\"e-con-inner\">\n\t\t\t\t<div class=\"elementor-element elementor-element-03db1a0 elementor-widget elementor-widget-penci-latest-posts\" data-id=\"03db1a0\" data-element_type=\"widget\" data-e-type=\"widget\" data-widget_type=\"penci-latest-posts.default\">\n\t\t\t\t<div class=\"elementor-widget-container\">\n\t\t\t\t\t                <div id=\"pencilatest_posts_63751\" class=\"penci-latest-posts-sc penci-latest-posts-grid penci-latest-posts-el penci-el-mixed-s1 penci-std-continue-center penci-std-excerpt-center penci-grid-excerpt-left\">\n\t\t\t\t\t\t\t\t\t\t\t                        <div class=\"penci-border-arrow penci-homepage-title penci-home-latest-posts style-7 pcalign-left pciconp-right pcicon-right\">\n                            <h3 class=\"inner-arrow\">\n                                <span>\n\t\t\t\t\t\t\t\t<span>printable media<\/span>                                <\/span>\n                            <\/h3>\n\t\t\t\t\t\t\t                        <\/div>\n\t\t\t\t\t                    <div class=\"penci-wrapper-posts-ajax\">\n\n                        <div class=\"penci-wrapper-posts-content pwid-default\">\n\n\t\t\t\t\t\t\t\t\t\t\t\t\t\t\t                                <ul data-cols=\"3\" data-tcols=\"3\" data-mcols=\"2\" data-layout=\"grid\"\n                                    class=\"has-d-cols has-t-cols has-m-cols penci-wrapper-data penci-grid penci-shortcode-render\">\t\t\t\t\t\t\t\t\t\t\t\t\t\t\t\t\t\t\t\t\t\t\t\t\t\t\t\t\t<li class=\"grid-style\">\n    <article id=\"post-264306\" class=\"item hentry\">\n\t\t            <div class=\"thumbnail\">\n\t\t\t\t\t\t\t\t                    <a class=\"penci-image-holder penci-lazy\" data-bgset=\"https:\/\/worldimagingnews.com\/wp-content\/uploads\/2025\/07\/Epson-SureLab-for-Greeting-Cards.png\" href=\"https:\/\/worldimagingnews.com\/fr\/epson-expands-surelab-d1070de-capabilities-with-new-professional-greeting-card-media\/\" title=\"Epson Expands SureLab D1070DE Capabilities with New Professional Greeting Card Media\">\n                    <\/a>\n\t\t\t\t\n\t\t\t\t\t\t\t\t\t\t\t\t\t\t\t\t\t\t\t\t\t\t\t\t\t\t\t\t\t\t\t\t\t            <\/div>\n\t\t\n        <div class=\"grid-header-box\">\n\t\t\t                <span class=\"cat\"><a style=\"\" class=\"penci-cat-name penci-cat-29\" href=\"https:\/\/worldimagingnews.com\/fr\/categorie\/consumables\/printable-media\/\" rel=\"category tag\"><span style=\"\">Supports imprimables<\/span><\/a><\/span>\n\t\t\t\n            <h2 class=\"penci-entry-title entry-title grid-title penci_grid_title_df\"><a href=\"https:\/\/worldimagingnews.com\/fr\/epson-expands-surelab-d1070de-capabilities-with-new-professional-greeting-card-media\/\">Epson Expands SureLab D1070DE Capabilities with New Professional Greeting Card Media<\/a>\n            <\/h2>\n\t\t\t\t\t\t\t\t<div class=\"penci-hide-tagupdated\">\n\t\t\t<span class=\"author-italic author vcard\">by \t\t\t\t\t\t\t\t\t\t<a class=\"author-url url fn n\" href=\"https:\/\/worldimagingnews.com\/fr\/author\/dan\/\">Personnel<\/a>\t\t\t\t\t\t\t\t\t<\/span>\n\t\t\t<time class=\"entry-date published\" datetime=\"2025-07-03T15:14:16-07:00\">07\/03\/2025<\/time>\t\t<\/div>\n\t\t\t\t\t\t                <div class=\"grid-post-box-meta\">\n\t\t\t\t\t\t\t\t\t\t\t\t\t\t\t                        <span class=\"otherl-date\"><time class=\"entry-date published\" datetime=\"2025-07-03T15:14:16-07:00\">07\/03\/2025<\/time><\/span>\n\t\t\t\t\t\t\t\t\t\t\t\t\t\t\t\t\t\t\t\t\t\t\t\t\t\t\t\t\t\t                <\/div>\n\t\t\t        <\/div>\n\n\t\t            <div class=\"item-content entry-content\">\n\t\t\t\t<p>New Premium Media Options Empower Print Providers to Diversify In-House Offerings LOS ALAMITOS, Calif. \u2013 July 1, 2025 \u2013 Epson has unveiled its first professional-grade SureLab\u00ae Greeting Card media lineup, &#8230;<\/p>\n            <\/div>\n\t\t\n\t\t\n\t\t    <\/article>\n<\/li>\n<li class=\"grid-style\">\n    <article id=\"post-264075\" class=\"item hentry\">\n\t\t            <div class=\"thumbnail\">\n\t\t\t\t\t\t\t\t                    <a class=\"penci-image-holder penci-lazy\" data-bgset=\"https:\/\/worldimagingnews.com\/wp-content\/uploads\/2025\/05\/Untitled-design-19.png\" href=\"https:\/\/worldimagingnews.com\/fr\/brand-management-group-announced-kronaline-sa-de-cv-as-master-distributor-in-mexico-for-hp-large-format-medias-portfolios\/\" title=\"Brand Management Group Announces Kronaline SA de CV as Master Distributor  in Mexico for HP Large Format Medias Portfolios\">\n                    <\/a>\n\t\t\t\t\n\t\t\t\t\t\t\t\t\t\t\t\t\t\t\t\t\t\t\t\t\t\t\t\t\t\t\t\t\t\t\t\t\t            <\/div>\n\t\t\n        <div class=\"grid-header-box\">\n\t\t\t                <span class=\"cat\"><a style=\"\" class=\"penci-cat-name penci-cat-29\" href=\"https:\/\/worldimagingnews.com\/fr\/categorie\/consumables\/printable-media\/\" rel=\"category tag\"><span style=\"\">Supports imprimables<\/span><\/a><\/span>\n\t\t\t\n            <h2 class=\"penci-entry-title entry-title grid-title penci_grid_title_df\"><a href=\"https:\/\/worldimagingnews.com\/fr\/brand-management-group-announced-kronaline-sa-de-cv-as-master-distributor-in-mexico-for-hp-large-format-medias-portfolios\/\">Brand Management Group Announces Kronaline SA de CV as Master Distributor  in Mexico for HP Large Format Medias Portfolios<\/a>\n            <\/h2>\n\t\t\t\t\t\t\t\t<div class=\"penci-hide-tagupdated\">\n\t\t\t<span class=\"author-italic author vcard\">by \t\t\t\t\t\t\t\t\t\t<a class=\"author-url url fn n\" href=\"https:\/\/worldimagingnews.com\/fr\/author\/dan\/\">Personnel<\/a>\t\t\t\t\t\t\t\t\t<\/span>\n\t\t\t<time class=\"entry-date published\" datetime=\"2025-05-31T09:17:28-07:00\">05\/31\/2025<\/time>\t\t<\/div>\n\t\t\t\t\t\t                <div class=\"grid-post-box-meta\">\n\t\t\t\t\t\t\t\t\t\t\t\t\t\t\t                        <span class=\"otherl-date\"><time class=\"entry-date published\" datetime=\"2025-05-31T09:17:28-07:00\">05\/31\/2025<\/time><\/span>\n\t\t\t\t\t\t\t\t\t\t\t\t\t\t\t\t\t\t\t\t\t\t\t\t\t\t\t\t\t\t                <\/div>\n\t\t\t        <\/div>\n\n\t\t            <div class=\"item-content entry-content\">\n\t\t\t\t<p>\u201cThis partnership will enhance the availability of our HP Wide Format Media Solutions in Mexico, ensuring greater access and support for our valued channel partners and customers,\u201d said Patrick Callaway, Vice President of Sales at Brand Management Group. \u201cWe look forward to working together with Kronaline to drive innovation and growth in the Mexican market.\u201d<\/p>\n            <\/div>\n\t\t\n\t\t\n\t\t    <\/article>\n<\/li>\n<li class=\"grid-style\">\n    <article id=\"post-261527\" class=\"item hentry\">\n\t\t            <div class=\"thumbnail\">\n\t\t\t\t\t\t\t\t                    <a class=\"penci-image-holder penci-lazy\" data-bgset=\"https:\/\/worldimagingnews.com\/wp-content\/uploads\/2024\/10\/image-ezgif.com-resize9-400x390.jpg\" href=\"https:\/\/worldimagingnews.com\/fr\/mactac-roodle-is-a-removable-go-to-media-for-numerous-indoor-and-outdoor-applications\/\" title=\"Mactac Roodle\u00ae is a Removable \u201cGo-To\u201d Media for Numerous Indoor and Outdoor Applications\">\n                    <\/a>\n\t\t\t\t\n\t\t\t\t\t\t\t\t\t\t\t\t\t\t\t\t\t\t\t\t\t\t\t\t\t\t\t\t\t\t\t\t\t            <\/div>\n\t\t\n        <div class=\"grid-header-box\">\n\t\t\t                <span class=\"cat\"><a style=\"\" class=\"penci-cat-name penci-cat-29\" href=\"https:\/\/worldimagingnews.com\/fr\/categorie\/consumables\/printable-media\/\" rel=\"category tag\"><span style=\"\">Supports imprimables<\/span><\/a><\/span>\n\t\t\t\n            <h2 class=\"penci-entry-title entry-title grid-title penci_grid_title_df\"><a href=\"https:\/\/worldimagingnews.com\/fr\/mactac-roodle-is-a-removable-go-to-media-for-numerous-indoor-and-outdoor-applications\/\">Mactac Roodle\u00ae is a Removable \u201cGo-To\u201d Media for Numerous Indoor and Outdoor Applications<\/a>\n            <\/h2>\n\t\t\t\t\t\t\t\t<div class=\"penci-hide-tagupdated\">\n\t\t\t<span class=\"author-italic author vcard\">by \t\t\t\t\t\t\t\t\t\t<a class=\"author-url url fn n\" href=\"https:\/\/worldimagingnews.com\/fr\/author\/dan\/\">Personnel<\/a>\t\t\t\t\t\t\t\t\t<\/span>\n\t\t\t<time class=\"entry-date published\" datetime=\"2024-10-10T07:25:12-07:00\">10\/10\/2024<\/time>\t\t<\/div>\n\t\t\t\t\t\t                <div class=\"grid-post-box-meta\">\n\t\t\t\t\t\t\t\t\t\t\t\t\t\t\t                        <span class=\"otherl-date\"><time class=\"entry-date published\" datetime=\"2024-10-10T07:25:12-07:00\">10\/10\/2024<\/time><\/span>\n\t\t\t\t\t\t\t\t\t\t\t\t\t\t\t\t\t\t\t\t\t\t\t\t\t\t\t\t\t\t                <\/div>\n\t\t\t        <\/div>\n\n\t\t            <div class=\"item-content entry-content\">\n\t\t\t\t<p>STOW | Ohio &#8211; October 2024 &#8211; With so many media choices in the wide-format graphics segment, finding and choosing the right material for specific jobs can be daunting. And &#8230;<\/p>\n            <\/div>\n\t\t\n\t\t\n\t\t    <\/article>\n<\/li>\n<li class=\"grid-style\">\n    <article id=\"post-261237\" class=\"item hentry\">\n\t\t            <div class=\"thumbnail\">\n\t\t\t\t\t\t\t\t                    <a class=\"penci-image-holder penci-lazy\" data-bgset=\"https:\/\/worldimagingnews.com\/wp-content\/uploads\/2024\/09\/image-ezgif.com-optipng11-585x291.jpg\" href=\"https:\/\/worldimagingnews.com\/fr\/kavalan-to-highlight-partnerships-at-printing-united-2024\/\" title=\"Kavalan to Highlight Partnerships at PRINTING United 2024\">\n                    <\/a>\n\t\t\t\t\n\t\t\t\t\t\t\t\t\t\t\t\t\t\t\t\t\t\t\t\t\t\t\t\t\t\t\t\t\t\t\t\t\t            <\/div>\n\t\t\n        <div class=\"grid-header-box\">\n\t\t\t                <span class=\"cat\"><a style=\"\" class=\"penci-cat-name penci-cat-29\" href=\"https:\/\/worldimagingnews.com\/fr\/categorie\/consumables\/printable-media\/\" rel=\"category tag\"><span style=\"\">Supports imprimables<\/span><\/a><\/span>\n\t\t\t\n            <h2 class=\"penci-entry-title entry-title grid-title penci_grid_title_df\"><a href=\"https:\/\/worldimagingnews.com\/fr\/kavalan-to-highlight-partnerships-at-printing-united-2024\/\">Kavalan to Highlight Partnerships at PRINTING United 2024<\/a>\n            <\/h2>\n\t\t\t\t\t\t\t\t<div class=\"penci-hide-tagupdated\">\n\t\t\t<span class=\"author-italic author vcard\">by \t\t\t\t\t\t\t\t\t\t<a class=\"author-url url fn n\" href=\"https:\/\/worldimagingnews.com\/fr\/author\/dan\/\">Personnel<\/a>\t\t\t\t\t\t\t\t\t<\/span>\n\t\t\t<time class=\"entry-date published\" datetime=\"2024-09-04T06:38:29-07:00\">09\/04\/2024<\/time>\t\t<\/div>\n\t\t\t\t\t\t                <div class=\"grid-post-box-meta\">\n\t\t\t\t\t\t\t\t\t\t\t\t\t\t\t                        <span class=\"otherl-date\"><time class=\"entry-date published\" datetime=\"2024-09-04T06:38:29-07:00\">09\/04\/2024<\/time><\/span>\n\t\t\t\t\t\t\t\t\t\t\t\t\t\t\t\t\t\t\t\t\t\t\t\t\t\t\t\t\t\t                <\/div>\n\t\t\t        <\/div>\n\n\t\t            <div class=\"item-content entry-content\">\n\t\t\t\t<p>BRUGGE | Belgium &#8211; August 2024: Manufacturer of PVC-free wide format materials Kavalan will demonstrate the quality, printability, and weldability of its products through its partnerships with leading manufacturers and &#8230;<\/p>\n            <\/div>\n\t\t\n\t\t\n\t\t    <\/article>\n<\/li>\n<li class=\"grid-style\">\n    <article id=\"post-261040\" class=\"item hentry\">\n\t\t            <div class=\"thumbnail\">\n\t\t\t\t\t\t\t\t                    <a class=\"penci-image-holder penci-lazy\" data-bgset=\"https:\/\/worldimagingnews.com\/wp-content\/uploads\/2024\/08\/image-ezgif.com-png-to-webp-converter-85-494x390.webp\" href=\"https:\/\/worldimagingnews.com\/fr\/serge-ferrari-group-exhibits-at-printing-united-expo-2024\/\" title=\"Serge Ferrari Group Exhibits at Printing United Expo 2024\">\n                    <\/a>\n\t\t\t\t\n\t\t\t\t\t\t\t\t\t\t\t\t\t\t\t\t\t\t\t\t\t\t\t\t\t\t\t\t\t\t\t\t\t            <\/div>\n\t\t\n        <div class=\"grid-header-box\">\n\t\t\t                <span class=\"cat\"><a style=\"\" class=\"penci-cat-name penci-cat-29\" href=\"https:\/\/worldimagingnews.com\/fr\/categorie\/consumables\/printable-media\/\" rel=\"category tag\"><span style=\"\">Supports imprimables<\/span><\/a><\/span>\n\t\t\t\n            <h2 class=\"penci-entry-title entry-title grid-title penci_grid_title_df\"><a href=\"https:\/\/worldimagingnews.com\/fr\/serge-ferrari-group-exhibits-at-printing-united-expo-2024\/\">Serge Ferrari Group Exhibits at Printing United Expo 2024<\/a>\n            <\/h2>\n\t\t\t\t\t\t\t\t<div class=\"penci-hide-tagupdated\">\n\t\t\t<span class=\"author-italic author vcard\">by \t\t\t\t\t\t\t\t\t\t<a class=\"author-url url fn n\" href=\"https:\/\/worldimagingnews.com\/fr\/author\/dan\/\">Personnel<\/a>\t\t\t\t\t\t\t\t\t<\/span>\n\t\t\t<time class=\"entry-date published\" datetime=\"2024-08-21T11:36:15-07:00\">08\/21\/2024<\/time>\t\t<\/div>\n\t\t\t\t\t\t                <div class=\"grid-post-box-meta\">\n\t\t\t\t\t\t\t\t\t\t\t\t\t\t\t                        <span class=\"otherl-date\"><time class=\"entry-date published\" datetime=\"2024-08-21T11:36:15-07:00\">08\/21\/2024<\/time><\/span>\n\t\t\t\t\t\t\t\t\t\t\t\t\t\t\t\t\t\t\t\t\t\t\t\t\t\t\t\t\t\t                <\/div>\n\t\t\t        <\/div>\n\n\t\t            <div class=\"item-content entry-content\">\n\t\t\t\t<p>DEERFIELD BEACH | Florida &#8211; August 2024: Serge Ferrari Group, a leader in designing and manufacturing innovative composite fabrics, will showcase their latest sustainable visual communications at Printing United Expo &#8230;<\/p>\n            <\/div>\n\t\t\n\t\t\n\t\t    <\/article>\n<\/li>\n<li class=\"grid-style\">\n    <article id=\"post-259485\" class=\"item hentry\">\n\t\t            <div class=\"thumbnail\">\n\t\t\t\t\t\t\t\t                    <a class=\"penci-image-holder penci-lazy\" data-bgset=\"https:\/\/worldimagingnews.com\/wp-content\/uploads\/2024\/07\/lexjet-elements01-ezgif.com-jpg-to-webp-converter-585x319.webp\" href=\"https:\/\/worldimagingnews.com\/fr\/lexjet-debuts-new-wallcoverings-in-the-elements-wall-decor-line\/\" title=\"LexJet lance de nouveaux rev\u00eatements muraux dans la ligne de d\u00e9coration murale Elements\">\n                    <\/a>\n\t\t\t\t\n\t\t\t\t\t\t\t\t\t\t\t\t\t\t\t\t\t\t\t\t\t\t\t\t\t\t\t\t\t\t\t\t\t            <\/div>\n\t\t\n        <div class=\"grid-header-box\">\n\t\t\t                <span class=\"cat\"><a style=\"\" class=\"penci-cat-name penci-cat-3\" href=\"https:\/\/worldimagingnews.com\/fr\/categorie\/consumables\/\" rel=\"category tag\"><span style=\"\">Consommables<\/span><\/a><a style=\"\" class=\"penci-cat-name penci-cat-29\" href=\"https:\/\/worldimagingnews.com\/fr\/categorie\/consumables\/printable-media\/\" rel=\"category tag\"><span style=\"\">Supports imprimables<\/span><\/a><\/span>\n\t\t\t\n            <h2 class=\"penci-entry-title entry-title grid-title penci_grid_title_df\"><a href=\"https:\/\/worldimagingnews.com\/fr\/lexjet-debuts-new-wallcoverings-in-the-elements-wall-decor-line\/\">LexJet lance de nouveaux rev\u00eatements muraux dans la ligne de d\u00e9coration murale Elements<\/a>\n            <\/h2>\n\t\t\t\t\t\t\t\t<div class=\"penci-hide-tagupdated\">\n\t\t\t<span class=\"author-italic author vcard\">by \t\t\t\t\t\t\t\t\t\t<a class=\"author-url url fn n\" href=\"https:\/\/worldimagingnews.com\/fr\/author\/dan\/\">Personnel<\/a>\t\t\t\t\t\t\t\t\t<\/span>\n\t\t\t<time class=\"entry-date published\" datetime=\"2024-07-26T09:59:41-07:00\">07\/26\/2024<\/time>\t\t<\/div>\n\t\t\t\t\t\t                <div class=\"grid-post-box-meta\">\n\t\t\t\t\t\t\t\t\t\t\t\t\t\t\t                        <span class=\"otherl-date\"><time class=\"entry-date published\" datetime=\"2024-07-26T09:59:41-07:00\">07\/26\/2024<\/time><\/span>\n\t\t\t\t\t\t\t\t\t\t\t\t\t\t\t\t\t\t\t\t\t\t\t\t\t\t\t\t\t\t                <\/div>\n\t\t\t        <\/div>\n\n\t\t            <div class=\"item-content entry-content\">\n\t\t\t\t<p>LexJet pr\u00e9sente le nouveau portefeuille de rev\u00eatements muraux Timber SARASOTA | Floride - Juillet 2024 - LexJet, une division de S-One Holdings Corporation, pr\u00e9sente le nouveau portefeuille de rev\u00eatements muraux Timber. \"Nous croyons que ...<\/p>\n            <\/div>\n\t\t\n\t\t\n\t\t    <\/article>\n<\/li>\n\n\t\t\t\t\t\t\t\t\t\t\t\t\t\t\t\t\t\t\t\t\t\t\t\t\t\t\t\t<\/ul>\n\t\t\t\t\t\t\t\t\t\t\t\t\t\t<div class=\"penci-pagination align-left\"><ul class='page-numbers'>\n\t<li><span aria-current=\"page\" class=\"page-numbers current\">1<\/span><\/li>\n\t<li><a class=\"page-numbers\" href=\"https:\/\/worldimagingnews.com\/wp-json\/wp\/v2\/pages\/19287\/page\/2\/\">2<\/a><\/li>\n\t<li><a class=\"next page-numbers\" href=\"https:\/\/worldimagingnews.com\/wp-json\/wp\/v2\/pages\/19287\/page\/2\/\"><i class=\"penci-faicon fa fa-angle-right\" ><\/i><\/a><\/li>\n<\/ul>\n<\/div>\t\t\t\t\t\t\t                        <\/div>\n\n\t\t\t\t\t\t                    <\/div>\n                <\/div>\n\t\t\t            <style>\n                                                                                                                                                                            <\/style>\n\t\t\t\t\t\t\t<\/div>\n\t\t\t\t<\/div>\n\t\t\t\t\t<\/div>\n\t\t\t\t<\/div>\n\t\t\t\t<\/div>","protected":false},"excerpt":{"rendered":"<p>printable media ConsumablesPrintable Media LexJet Debuts New Wallcoverings in the Elements Wall D\u00e9cor Line by Staff 07\/26\/2024 07\/26\/2024 LexJet introduces new Timber Portfolio of wallcoverings SARASOTA | Florida &#8211; July&hellip;<\/p>","protected":false},"author":3,"featured_media":0,"parent":0,"menu_order":0,"comment_status":"closed","ping_status":"closed","template":"","meta":{"content-type":"","_lmt_disableupdate":"no","_lmt_disable":"","cybocfi_hide_featured_image":"","footnotes":""},"class_list":["post-19287","page","type-page","status-publish","hentry"],"_links":{"self":[{"href":"https:\/\/worldimagingnews.com\/fr\/wp-json\/wp\/v2\/pages\/19287","targetHints":{"allow":["GET"]}}],"collection":[{"href":"https:\/\/worldimagingnews.com\/fr\/wp-json\/wp\/v2\/pages"}],"about":[{"href":"https:\/\/worldimagingnews.com\/fr\/wp-json\/wp\/v2\/types\/page"}],"author":[{"embeddable":true,"href":"https:\/\/worldimagingnews.com\/fr\/wp-json\/wp\/v2\/users\/3"}],"replies":[{"embeddable":true,"href":"https:\/\/worldimagingnews.com\/fr\/wp-json\/wp\/v2\/comments?post=19287"}],"version-history":[{"count":6,"href":"https:\/\/worldimagingnews.com\/fr\/wp-json\/wp\/v2\/pages\/19287\/revisions"}],"predecessor-version":[{"id":260310,"href":"https:\/\/worldimagingnews.com\/fr\/wp-json\/wp\/v2\/pages\/19287\/revisions\/260310"}],"wp:attachment":[{"href":"https:\/\/worldimagingnews.com\/fr\/wp-json\/wp\/v2\/media?parent=19287"}],"curies":[{"name":"wp","href":"https:\/\/api.w.org\/{rel}","templated":true}]}}