{"id":19260,"date":"2024-02-07T13:38:34","date_gmt":"2024-02-07T21:38:34","guid":{"rendered":"https:\/\/worldimagingnews.com\/?page_id=19260"},"modified":"2024-08-13T15:06:27","modified_gmt":"2024-08-13T22:06:27","slug":"film","status":"publish","type":"page","link":"https:\/\/worldimagingnews.com\/fr\/film\/","title":{"rendered":"Film"},"content":{"rendered":"<div data-elementor-type=\"wp-page\" data-elementor-id=\"19260\" class=\"elementor elementor-19260\" data-elementor-post-type=\"page\">\n\t\t\t\t<div class=\"elementor-element elementor-element-5c79314 e-flex e-con-boxed e-con e-parent\" data-id=\"5c79314\" data-element_type=\"container\" data-e-type=\"container\">\n\t\t\t\t\t<div class=\"e-con-inner\">\n\t\t\t\t<div class=\"elementor-element elementor-element-69a1051 elementor-widget elementor-widget-penci-latest-posts\" data-id=\"69a1051\" data-element_type=\"widget\" data-e-type=\"widget\" data-widget_type=\"penci-latest-posts.default\">\n\t\t\t\t<div class=\"elementor-widget-container\">\n\t\t\t\t\t                <div id=\"pencilatest_posts_42145\" class=\"penci-latest-posts-sc penci-latest-posts-grid penci-latest-posts-el penci-el-mixed-s1 penci-std-continue-center penci-std-excerpt-center penci-grid-excerpt-left\">\n\t\t\t\t\t\t\t\t\t\t\t                        <div class=\"penci-border-arrow penci-homepage-title penci-home-latest-posts style-7 pcalign-left pciconp-right pcicon-right\">\n                            <h3 class=\"inner-arrow\">\n                                <span>\n\t\t\t\t\t\t\t\t<span>film<\/span>                                <\/span>\n                            <\/h3>\n\t\t\t\t\t\t\t                        <\/div>\n\t\t\t\t\t                    <div class=\"penci-wrapper-posts-ajax\">\n\n                        <div class=\"penci-wrapper-posts-content pwid-default\">\n\n\t\t\t\t\t\t\t\t\t\t\t\t\t\t\t                                <ul data-cols=\"3\" data-tcols=\"3\" data-mcols=\"2\" data-layout=\"grid\"\n                                    class=\"has-d-cols has-t-cols has-m-cols penci-wrapper-data penci-grid penci-shortcode-render\">\t\t\t\t\t\t\t\t\t\t\t\t\t\t\t\t\t\t\t\t\t\t\t\t\t\t\t\t\t<li class=\"grid-style\">\n    <article id=\"post-265231\" class=\"item hentry\">\n\t\t            <div class=\"thumbnail\">\n\t\t\t\t\t\t\t\t                    <a class=\"penci-image-holder penci-lazy\" data-bgset=\"https:\/\/worldimagingnews.com\/wp-content\/uploads\/2025\/11\/ColorBlast_Labeled_Bottles_Grouping_1-585x390.jpg\" href=\"https:\/\/worldimagingnews.com\/fr\/colorblast-introduces-trudtf-ink-and-breakthrough-2-year-printhead-protection-program\/\" title=\"ColorBlast Introduces TruDTF\u2122 Ink and Breakthrough 2-Year Printhead Protection Program\">\n                    <\/a>\n\t\t\t\t\n\t\t\t\t\t\t\t\t\t\t\t\t\t\t\t\t\t\t\t\t\t\t\t\t\t\t\t\t\t\t\t\t\t            <\/div>\n\t\t\n        <div class=\"grid-header-box\">\n\t\t\t                <span class=\"cat\"><a style=\"\" class=\"penci-cat-name penci-cat-4\" href=\"https:\/\/worldimagingnews.com\/fr\/categorie\/consumables\/ink\/\" rel=\"category tag\"><span style=\"\">Encre<\/span><\/a><a style=\"\" class=\"penci-cat-name penci-cat-389\" href=\"https:\/\/worldimagingnews.com\/fr\/categorie\/consumables\/film\/\" rel=\"category tag\"><span style=\"\">Film<\/span><\/a><a style=\"\" class=\"penci-cat-name penci-cat-86\" href=\"https:\/\/worldimagingnews.com\/fr\/categorie\/consumables\/powder\/\" rel=\"category tag\"><span style=\"\">Poudre<\/span><\/a><\/span>\n\t\t\t\n            <h2 class=\"penci-entry-title entry-title grid-title penci_grid_title_df\"><a href=\"https:\/\/worldimagingnews.com\/fr\/colorblast-introduces-trudtf-ink-and-breakthrough-2-year-printhead-protection-program\/\">ColorBlast Introduces TruDTF\u2122 Ink and Breakthrough 2-Year Printhead Protection Program<\/a>\n            <\/h2>\n\t\t\t\t\t\t\t\t<div class=\"penci-hide-tagupdated\">\n\t\t\t<span class=\"author-italic author vcard\">by \t\t\t\t\t\t\t\t\t\t<a class=\"author-url url fn n\" href=\"https:\/\/worldimagingnews.com\/fr\/author\/dan\/\">Personnel<\/a>\t\t\t\t\t\t\t\t\t<\/span>\n\t\t\t<time class=\"entry-date published\" datetime=\"2025-11-13T08:23:06-08:00\">11\/13\/2025<\/time>\t\t<\/div>\n\t\t\t\t\t\t                <div class=\"grid-post-box-meta\">\n\t\t\t\t\t\t\t\t\t\t\t\t\t\t\t                        <span class=\"otherl-date\"><time class=\"entry-date published\" datetime=\"2025-11-13T08:23:06-08:00\">11\/13\/2025<\/time><\/span>\n\t\t\t\t\t\t\t\t\t\t\t\t\t\t\t\t\t\t\t\t\t\t\t\t\t\t\t\t\t\t                <\/div>\n\t\t\t        <\/div>\n\n\t\t            <div class=\"item-content entry-content\">\n\t\t\t\t<p>The new formulation offers superior stability, exceptional opacity, and long-term reliability backed by the strongest guarantee in the segment. ST. LOUIS | Missouri &#8211; November 2025 &#8211; ColorBlast has introduced &#8230;<\/p>\n            <\/div>\n\t\t\n\t\t\n\t\t    <\/article>\n<\/li>\n<li class=\"grid-style\">\n    <article id=\"post-263825\" class=\"item hentry\">\n\t\t            <div class=\"thumbnail\">\n\t\t\t\t\t\t\t\t                    <a class=\"penci-image-holder penci-lazy\" data-bgset=\"https:\/\/worldimagingnews.com\/wp-content\/uploads\/2025\/04\/General-Forumlations--585x390.png\" href=\"https:\/\/worldimagingnews.com\/fr\/general-formulations-launches-new-economy-film-laminate-solutions\/\" title=\"General Formulations Launches New Economy Film &#038; Laminate Solutions\">\n                    <\/a>\n\t\t\t\t\n\t\t\t\t\t\t\t\t\t\t\t\t\t\t\t\t\t\t\t\t\t\t\t\t\t\t\t\t\t\t\t\t\t            <\/div>\n\t\t\n        <div class=\"grid-header-box\">\n\t\t\t                <span class=\"cat\"><a style=\"\" class=\"penci-cat-name penci-cat-389\" href=\"https:\/\/worldimagingnews.com\/fr\/categorie\/consumables\/film\/\" rel=\"category tag\"><span style=\"\">Film<\/span><\/a><a style=\"\" class=\"penci-cat-name penci-cat-28\" href=\"https:\/\/worldimagingnews.com\/fr\/categorie\/consumables\/stratifies\/\" rel=\"category tag\"><span style=\"\">Stratifi\u00e9s<\/span><\/a><\/span>\n\t\t\t\n            <h2 class=\"penci-entry-title entry-title grid-title penci_grid_title_df\"><a href=\"https:\/\/worldimagingnews.com\/fr\/general-formulations-launches-new-economy-film-laminate-solutions\/\">General Formulations Launches New Economy Film &#038; Laminate Solutions<\/a>\n            <\/h2>\n\t\t\t\t\t\t\t\t<div class=\"penci-hide-tagupdated\">\n\t\t\t<span class=\"author-italic author vcard\">by \t\t\t\t\t\t\t\t\t\t<a class=\"author-url url fn n\" href=\"https:\/\/worldimagingnews.com\/fr\/author\/dan\/\">Personnel<\/a>\t\t\t\t\t\t\t\t\t<\/span>\n\t\t\t<time class=\"entry-date published\" datetime=\"2025-04-22T09:06:33-07:00\">04\/22\/2025<\/time>\t\t<\/div>\n\t\t\t\t\t\t                <div class=\"grid-post-box-meta\">\n\t\t\t\t\t\t\t\t\t\t\t\t\t\t\t                        <span class=\"otherl-date\"><time class=\"entry-date published\" datetime=\"2025-04-22T09:06:33-07:00\">04\/22\/2025<\/time><\/span>\n\t\t\t\t\t\t\t\t\t\t\t\t\t\t\t\t\t\t\t\t\t\t\t\t\t\t\t\t\t\t                <\/div>\n\t\t\t        <\/div>\n\n\t\t            <div class=\"item-content entry-content\">\n\t\t\t\t<p>SPARTA | Michigan &#8211; April 2025 &#8211; General Formulations\u00ae (GF), a leading global manufacturer of pressure-sensitive media, film, and laminates, introduces GF Economy Film &amp; Laminate Solutions to the graphics &#8230;<\/p>\n            <\/div>\n\t\t\n\t\t\n\t\t    <\/article>\n<\/li>\n<li class=\"grid-style\">\n    <article id=\"post-262230\" class=\"item hentry\">\n\t\t            <div class=\"thumbnail\">\n\t\t\t\t\t\t\t\t                    <a class=\"penci-image-holder penci-lazy\" data-bgset=\"https:\/\/worldimagingnews.com\/wp-content\/uploads\/2024\/11\/Untitled-design19.png\" href=\"https:\/\/worldimagingnews.com\/fr\/tesla-discontinues-in-house-wrap-service-for-cybertruck\/\" title=\"Tesla interrompt son service d&#039;emballage interne pour le Cybertruck\">\n                    <\/a>\n\t\t\t\t\n\t\t\t\t\t\t\t\t\t\t\t\t\t\t\t\t\t\t\t\t\t\t\t\t\t\t\t\t\t\t\t\t\t            <\/div>\n\t\t\n        <div class=\"grid-header-box\">\n\t\t\t                <span class=\"cat\"><a style=\"\" class=\"penci-cat-name penci-cat-807\" href=\"https:\/\/worldimagingnews.com\/fr\/categorie\/nouvelles-en-vedette\/\" rel=\"category tag\"><span style=\"\">Actualit\u00e9s<\/span><\/a><a style=\"\" class=\"penci-cat-name penci-cat-389\" href=\"https:\/\/worldimagingnews.com\/fr\/categorie\/consumables\/film\/\" rel=\"category tag\"><span style=\"\">Film<\/span><\/a><\/span>\n\t\t\t\n            <h2 class=\"penci-entry-title entry-title grid-title penci_grid_title_df\"><a href=\"https:\/\/worldimagingnews.com\/fr\/tesla-discontinues-in-house-wrap-service-for-cybertruck\/\">Tesla interrompt son service d'emballage interne pour le Cybertruck<\/a>\n            <\/h2>\n\t\t\t\t\t\t\t\t<div class=\"penci-hide-tagupdated\">\n\t\t\t<span class=\"author-italic author vcard\">by \t\t\t\t\t\t\t\t\t\t<a class=\"author-url url fn n\" href=\"https:\/\/worldimagingnews.com\/fr\/author\/dan\/\">Personnel<\/a>\t\t\t\t\t\t\t\t\t<\/span>\n\t\t\t<time class=\"entry-date published\" datetime=\"2024-11-18T08:03:56-08:00\">11\/18\/2024<\/time>\t\t<\/div>\n\t\t\t\t\t\t                <div class=\"grid-post-box-meta\">\n\t\t\t\t\t\t\t\t\t\t\t\t\t\t\t                        <span class=\"otherl-date\"><time class=\"entry-date published\" datetime=\"2024-11-18T08:03:56-08:00\">11\/18\/2024<\/time><\/span>\n\t\t\t\t\t\t\t\t\t\t\t\t\t\t\t\t\t\t\t\t\t\t\t\t\t\t\t\t\t\t                <\/div>\n\t\t\t        <\/div>\n\n\t\t            <div class=\"item-content entry-content\">\n\t\t\t\t<p>AUSTIN - Texas - Novembre 2024 - Tesla a officiellement mis fin \u00e0 son service d'habillage interne pour le Cybertruck, deux mois seulement apr\u00e8s avoir r\u00e9duit les ...<\/p>\n            <\/div>\n\t\t\n\t\t\n\t\t    <\/article>\n<\/li>\n<li class=\"grid-style\">\n    <article id=\"post-262180\" class=\"item hentry\">\n\t\t            <div class=\"thumbnail\">\n\t\t\t\t\t\t\t\t                    <a class=\"penci-image-holder penci-lazy\" data-bgset=\"https:\/\/worldimagingnews.com\/wp-content\/uploads\/2024\/11\/Untitled-design13.png\" href=\"https:\/\/worldimagingnews.com\/fr\/elevate-your-brand-with-kern-usa-and-buffalo-imagings-new-specialty-effects-dtf-film\/\" title=\"Elevate Your Brand with Kern USA and Buffalo Imaging&#8217;s New Specialty Effects DTF Film\">\n                    <\/a>\n\t\t\t\t\n\t\t\t\t\t\t\t\t\t\t\t\t\t\t\t\t\t\t\t\t\t\t\t\t\t\t\t\t\t\t\t\t\t            <\/div>\n\t\t\n        <div class=\"grid-header-box\">\n\t\t\t                <span class=\"cat\"><a style=\"\" class=\"penci-cat-name penci-cat-389\" href=\"https:\/\/worldimagingnews.com\/fr\/categorie\/consumables\/film\/\" rel=\"category tag\"><span style=\"\">Film<\/span><\/a><\/span>\n\t\t\t\n            <h2 class=\"penci-entry-title entry-title grid-title penci_grid_title_df\"><a href=\"https:\/\/worldimagingnews.com\/fr\/elevate-your-brand-with-kern-usa-and-buffalo-imagings-new-specialty-effects-dtf-film\/\">Elevate Your Brand with Kern USA and Buffalo Imaging&#8217;s New Specialty Effects DTF Film<\/a>\n            <\/h2>\n\t\t\t\t\t\t\t\t<div class=\"penci-hide-tagupdated\">\n\t\t\t<span class=\"author-italic author vcard\">by \t\t\t\t\t\t\t\t\t\t<a class=\"author-url url fn n\" href=\"https:\/\/worldimagingnews.com\/fr\/author\/dan\/\">Personnel<\/a>\t\t\t\t\t\t\t\t\t<\/span>\n\t\t\t<time class=\"entry-date published\" datetime=\"2024-11-14T09:35:38-08:00\">11\/14\/2024<\/time>\t\t<\/div>\n\t\t\t\t\t\t                <div class=\"grid-post-box-meta\">\n\t\t\t\t\t\t\t\t\t\t\t\t\t\t\t                        <span class=\"otherl-date\"><time class=\"entry-date published\" datetime=\"2024-11-14T09:35:38-08:00\">11\/14\/2024<\/time><\/span>\n\t\t\t\t\t\t\t\t\t\t\t\t\t\t\t\t\t\t\t\t\t\t\t\t\t\t\t\t\t\t                <\/div>\n\t\t\t        <\/div>\n\n\t\t            <div class=\"item-content entry-content\">\n\t\t\t\t<p>COMMERCE | California &#8211; November 2024 &#8211; Kern USA, in partnership with Buffalo Imaging, is excited to announce the U.S. launch of the groundbreaking Kern DTF Series film, designed to &#8230;<\/p>\n            <\/div>\n\t\t\n\t\t\n\t\t    <\/article>\n<\/li>\n<li class=\"grid-style\">\n    <article id=\"post-257616\" class=\"item hentry\">\n\t\t            <div class=\"thumbnail\">\n\t\t\t\t\t\t\t\t                    <a class=\"penci-image-holder penci-lazy\" data-bgset=\"https:\/\/worldimagingnews.com\/wp-content\/uploads\/2024\/05\/image-ezgif.com-png-to-webp-converter-42.webp\" href=\"https:\/\/worldimagingnews.com\/fr\/arcus-printers-launches-uv-dtf-transfer-sheets-for-uv-flatbed\/\" title=\"Arcus Printers lance des feuilles de transfert UV DTF pour les UV \u00e0 plat\">\n                    <\/a>\n\t\t\t\t\n\t\t\t\t\t\t\t\t\t\t\t\t\t\t\t\t\t\t\t\t\t\t\t\t\t\t\t\t\t\t\t\t\t            <\/div>\n\t\t\n        <div class=\"grid-header-box\">\n\t\t\t                <span class=\"cat\"><a style=\"\" class=\"penci-cat-name penci-cat-3\" href=\"https:\/\/worldimagingnews.com\/fr\/categorie\/consumables\/\" rel=\"category tag\"><span style=\"\">Consommables<\/span><\/a><a style=\"\" class=\"penci-cat-name penci-cat-389\" href=\"https:\/\/worldimagingnews.com\/fr\/categorie\/consumables\/film\/\" rel=\"category tag\"><span style=\"\">Film<\/span><\/a><\/span>\n\t\t\t\n            <h2 class=\"penci-entry-title entry-title grid-title penci_grid_title_df\"><a href=\"https:\/\/worldimagingnews.com\/fr\/arcus-printers-launches-uv-dtf-transfer-sheets-for-uv-flatbed\/\">Arcus Printers lance des feuilles de transfert UV DTF pour les UV \u00e0 plat<\/a>\n            <\/h2>\n\t\t\t\t\t\t\t\t<div class=\"penci-hide-tagupdated\">\n\t\t\t<span class=\"author-italic author vcard\">by \t\t\t\t\t\t\t\t\t\t<a class=\"author-url url fn n\" href=\"https:\/\/worldimagingnews.com\/fr\/author\/dan\/\">Personnel<\/a>\t\t\t\t\t\t\t\t\t<\/span>\n\t\t\t<time class=\"entry-date published\" datetime=\"2024-05-31T07:01:51-07:00\">05\/31\/2024<\/time>\t\t<\/div>\n\t\t\t\t\t\t                <div class=\"grid-post-box-meta\">\n\t\t\t\t\t\t\t\t\t\t\t\t\t\t\t                        <span class=\"otherl-date\"><time class=\"entry-date published\" datetime=\"2024-05-31T07:01:51-07:00\">05\/31\/2024<\/time><\/span>\n\t\t\t\t\t\t\t\t\t\t\t\t\t\t\t\t\t\t\t\t\t\t\t\t\t\t\t\t\t\t                <\/div>\n\t\t\t        <\/div>\n\n\t\t            <div class=\"item-content entry-content\">\n\t\t\t\t<p>Les nouvelles feuilles de transfert DTF UV permettent aux imprimeurs d'utiliser leur \u00e9quipement existant pour cr\u00e9er des transferts DTF UV polyvalents pour les produits promotionnels et les ...<\/p>\n            <\/div>\n\t\t\n\t\t\n\t\t    <\/article>\n<\/li>\n<li class=\"grid-style\">\n    <article id=\"post-255518\" class=\"item hentry\">\n\t\t            <div class=\"thumbnail\">\n\t\t\t\t\t\t\t\t                    <a class=\"penci-image-holder penci-lazy\" data-bgset=\"https:\/\/worldimagingnews.com\/wp-content\/uploads\/2024\/03\/innoprinter-mk-3-ezgif.com-optiwebp.webp\" href=\"https:\/\/worldimagingnews.com\/fr\/forever-dtf-and-innoprinter-unmatched-speed-quality-for-dtf-mass-production\/\" title=\"FOREVER DTF and InnoPrinter: Unmatched Speed and Quality for DTF Mass Production\">\n                    <\/a>\n\t\t\t\t\n\t\t\t\t\t\t\t\t\t\t\t\t\t\t\t\t\t\t\t\t\t\t\t\t\t\t\t\t\t\t\t\t\t            <\/div>\n\t\t\n        <div class=\"grid-header-box\">\n\t\t\t                <span class=\"cat\"><a style=\"\" class=\"penci-cat-name penci-cat-3\" href=\"https:\/\/worldimagingnews.com\/fr\/categorie\/consumables\/\" rel=\"category tag\"><span style=\"\">Consommables<\/span><\/a><a style=\"\" class=\"penci-cat-name penci-cat-389\" href=\"https:\/\/worldimagingnews.com\/fr\/categorie\/consumables\/film\/\" rel=\"category tag\"><span style=\"\">Film<\/span><\/a><\/span>\n\t\t\t\n            <h2 class=\"penci-entry-title entry-title grid-title penci_grid_title_df\"><a href=\"https:\/\/worldimagingnews.com\/fr\/forever-dtf-and-innoprinter-unmatched-speed-quality-for-dtf-mass-production\/\">FOREVER DTF and InnoPrinter: Unmatched Speed and Quality for DTF Mass Production<\/a>\n            <\/h2>\n\t\t\t\t\t\t\t\t<div class=\"penci-hide-tagupdated\">\n\t\t\t<span class=\"author-italic author vcard\">by \t\t\t\t\t\t\t\t\t\t<a class=\"author-url url fn n\" href=\"https:\/\/worldimagingnews.com\/fr\/author\/dan\/\">Personnel<\/a>\t\t\t\t\t\t\t\t\t<\/span>\n\t\t\t<time class=\"entry-date published\" datetime=\"2024-03-10T07:53:45-07:00\">03\/10\/2024<\/time>\t\t<\/div>\n\t\t\t\t\t\t                <div class=\"grid-post-box-meta\">\n\t\t\t\t\t\t\t\t\t\t\t\t\t\t\t                        <span class=\"otherl-date\"><time class=\"entry-date published\" datetime=\"2024-03-10T07:53:45-07:00\">03\/10\/2024<\/time><\/span>\n\t\t\t\t\t\t\t\t\t\t\t\t\t\t\t\t\t\t\t\t\t\t\t\t\t\t\t\t\t\t                <\/div>\n\t\t\t        <\/div>\n\n\t\t            <div class=\"item-content entry-content\">\n\t\t\t\t<p>New FOREVER DTF Premium Matt Film to be exhibited with the InnoPrinter Roll-to-Roll Heat Press during FESPA 2024.\u00a0 HEDDESHEIM | Germany &#8211; March 2024 &#8211; Businesses can now achieve significantly &#8230;<\/p>\n            <\/div>\n\t\t\n\t\t\n\t\t    <\/article>\n<\/li>\n\n\t\t\t\t\t\t\t\t\t\t\t\t\t\t\t\t\t\t\t\t\t\t\t\t\t\t\t\t<\/ul>\n\t\t\t\t\t\t\t\t\t\t\t\t\t\t\t\t\t\t\t\t\t                        <\/div>\n\n\t\t\t\t\t\t                    <\/div>\n                <\/div>\n\t\t\t            <style>\n                                                                                                                                                                            <\/style>\n\t\t\t\t\t\t\t<\/div>\n\t\t\t\t<\/div>\n\t\t\t\t\t<\/div>\n\t\t\t\t<\/div>\n\t\t\t\t<\/div>","protected":false},"excerpt":{"rendered":"<p>film ConsumablesFilm Arcus Printers Launches UV DTF Transfer Sheets for UV Flatbed by Staff 05\/31\/2024 05\/31\/2024 New UV DTF transfer sheets allow printers to use existing equipment to create versatile&hellip;<\/p>","protected":false},"author":3,"featured_media":0,"parent":0,"menu_order":0,"comment_status":"closed","ping_status":"closed","template":"","meta":{"content-type":"","_lmt_disableupdate":"no","_lmt_disable":"","cybocfi_hide_featured_image":"","footnotes":""},"class_list":["post-19260","page","type-page","status-publish","hentry"],"_links":{"self":[{"href":"https:\/\/worldimagingnews.com\/fr\/wp-json\/wp\/v2\/pages\/19260","targetHints":{"allow":["GET"]}}],"collection":[{"href":"https:\/\/worldimagingnews.com\/fr\/wp-json\/wp\/v2\/pages"}],"about":[{"href":"https:\/\/worldimagingnews.com\/fr\/wp-json\/wp\/v2\/types\/page"}],"author":[{"embeddable":true,"href":"https:\/\/worldimagingnews.com\/fr\/wp-json\/wp\/v2\/users\/3"}],"replies":[{"embeddable":true,"href":"https:\/\/worldimagingnews.com\/fr\/wp-json\/wp\/v2\/comments?post=19260"}],"version-history":[{"count":6,"href":"https:\/\/worldimagingnews.com\/fr\/wp-json\/wp\/v2\/pages\/19260\/revisions"}],"predecessor-version":[{"id":260289,"href":"https:\/\/worldimagingnews.com\/fr\/wp-json\/wp\/v2\/pages\/19260\/revisions\/260289"}],"wp:attachment":[{"href":"https:\/\/worldimagingnews.com\/fr\/wp-json\/wp\/v2\/media?parent=19260"}],"curies":[{"name":"wp","href":"https:\/\/api.w.org\/{rel}","templated":true}]}}