{"id":18841,"date":"2024-02-01T12:23:20","date_gmt":"2024-02-01T20:23:20","guid":{"rendered":"https:\/\/worldimagingnews.com\/?page_id=18841"},"modified":"2024-08-13T16:34:41","modified_gmt":"2024-08-13T23:34:41","slug":"textile","status":"publish","type":"page","link":"https:\/\/worldimagingnews.com\/fr\/textile\/","title":{"rendered":"Textile P"},"content":{"rendered":"<div data-elementor-type=\"wp-page\" data-elementor-id=\"18841\" class=\"elementor elementor-18841\" data-elementor-post-type=\"page\">\n\t\t\t\t<div class=\"elementor-element elementor-element-8f0a0ad e-flex e-con-boxed e-con e-parent\" data-id=\"8f0a0ad\" data-element_type=\"container\" data-e-type=\"container\">\n\t\t\t\t\t<div class=\"e-con-inner\">\n\t\t\t\t<div class=\"elementor-element elementor-element-dcf6458 elementor-widget elementor-widget-penci-latest-posts\" data-id=\"dcf6458\" data-element_type=\"widget\" data-e-type=\"widget\" data-widget_type=\"penci-latest-posts.default\">\n\t\t\t\t<div class=\"elementor-widget-container\">\n\t\t\t\t\t                <div id=\"pencilatest_posts_48036\" class=\"penci-latest-posts-sc penci-latest-posts-grid penci-latest-posts-el penci-el-mixed-s1 penci-std-continue-center penci-std-excerpt-center penci-grid-excerpt-left\">\n\t\t\t\t\t\t\t\t\t\t\t                        <div class=\"penci-border-arrow penci-homepage-title penci-home-latest-posts style-7 pcalign-left pciconp-right pcicon-right\">\n                            <h3 class=\"inner-arrow\">\n                                <span>\n\t\t\t\t\t\t\t\t<span>textile<\/span>                                <\/span>\n                            <\/h3>\n\t\t\t\t\t\t\t                        <\/div>\n\t\t\t\t\t                    <div class=\"penci-wrapper-posts-ajax\">\n\n                        <div class=\"penci-wrapper-posts-content pwid-default\">\n\n\t\t\t\t\t\t\t\t\t\t\t\t\t\t\t                                <ul data-cols=\"3\" data-tcols=\"3\" data-mcols=\"2\" data-layout=\"grid\"\n                                    class=\"has-d-cols has-t-cols has-m-cols penci-wrapper-data penci-grid penci-shortcode-render\">\t\t\t\t\t\t\t\t\t\t\t\t\t\t\t\t\t\t\t\t\t\t\t\t\t\t\t\t\t<li class=\"grid-style\">\n    <article id=\"post-265059\" class=\"item hentry\">\n\t\t            <div class=\"thumbnail\">\n\t\t\t\t\t\t\t\t                    <a class=\"penci-image-holder penci-lazy\" data-bgset=\"https:\/\/worldimagingnews.com\/wp-content\/uploads\/2025\/09\/FastSewn-585x390.png\" href=\"https:\/\/worldimagingnews.com\/fr\/fastsewn-debuts-patented-roll-fed-flatbed-sewing-and-laser-cutting-solution-at-printing-united\/\" title=\"FASTSEWN Debuts Patented Roll-Fed Flatbed Sewing and Laser Cutting Solution at PRINTING United\">\n                    <\/a>\n\t\t\t\t\n\t\t\t\t\t\t\t\t\t\t\t\t\t\t\t\t\t\t\t\t\t\t\t\t\t\t\t\t\t\t\t\t\t            <\/div>\n\t\t\n        <div class=\"grid-header-box\">\n\t\t\t                <span class=\"cat\"><a style=\"\" class=\"penci-cat-name penci-cat-53\" href=\"https:\/\/worldimagingnews.com\/fr\/category\/applications\/banners-and-flags\/\" rel=\"category tag\"><span style=\"\">Banners and Flags<\/span><\/a><a style=\"\" class=\"penci-cat-name penci-cat-139\" href=\"https:\/\/worldimagingnews.com\/fr\/category\/applications\/specialty\/\" rel=\"category tag\"><span style=\"\">Sp\u00e9cialit\u00e9<\/span><\/a><a style=\"\" class=\"penci-cat-name penci-cat-74\" href=\"https:\/\/worldimagingnews.com\/fr\/category\/applications\/textile-applications\/\" rel=\"category tag\"><span style=\"\">Textile<\/span><\/a><\/span>\n\t\t\t\n            <h2 class=\"penci-entry-title entry-title grid-title penci_grid_title_df\"><a href=\"https:\/\/worldimagingnews.com\/fr\/fastsewn-debuts-patented-roll-fed-flatbed-sewing-and-laser-cutting-solution-at-printing-united\/\">FASTSEWN Debuts Patented Roll-Fed Flatbed Sewing and Laser Cutting Solution at PRINTING United<\/a>\n            <\/h2>\n\t\t\t\t\t\t\t\t<div class=\"penci-hide-tagupdated\">\n\t\t\t<span class=\"author-italic author vcard\">by \t\t\t\t\t\t\t\t\t\t<a class=\"author-url url fn n\" href=\"https:\/\/worldimagingnews.com\/fr\/author\/dan\/\">Personnel<\/a>\t\t\t\t\t\t\t\t\t<\/span>\n\t\t\t<time class=\"entry-date published\" datetime=\"2025-10-14T07:32:25-07:00\">10\/14\/2025<\/time>\t\t<\/div>\n\t\t\t\t\t\t                <div class=\"grid-post-box-meta\">\n\t\t\t\t\t\t\t\t\t\t\t\t\t\t\t                        <span class=\"otherl-date\"><time class=\"entry-date published\" datetime=\"2025-10-14T07:32:25-07:00\">10\/14\/2025<\/time><\/span>\n\t\t\t\t\t\t\t\t\t\t\t\t\t\t\t\t\t\t\t\t\t\t\t\t\t\t\t\t\t\t                <\/div>\n\t\t\t        <\/div>\n\n\t\t            <div class=\"item-content entry-content\">\n\t\t\t\t<p>http:\/\/www.fastsewn.comIntegrated System Automates Sewing and Laser Cutting, Solving the \u201cLast Mile\u201d in Wide-Format Textile Production in Booth\u00a0 848, CUTWORX USA ORLANDO| Florida &#8211; October 2025 &#8211; FASTSEWN, a pioneer in &#8230;<\/p>\n            <\/div>\n\t\t\n\t\t\n\t\t    <\/article>\n<\/li>\n<li class=\"grid-style\">\n    <article id=\"post-19113\" class=\"item hentry\">\n\t\t            <div class=\"thumbnail\">\n\t\t\t\t\t\t\t\t                    <a class=\"penci-image-holder penci-lazy\" data-bgset=\"https:\/\/worldimagingnews.com\/wp-content\/uploads\/2024\/02\/mas-extreme.png\" href=\"https:\/\/worldimagingnews.com\/fr\/mas-extreme-fastest-textile-printer-with-up-to-120-print-heads\/\" title=\"MAS Extreme &#8211; Fastest Textile Printer with Up to 120 Print heads\">\n                    <\/a>\n\t\t\t\t\n\t\t\t\t\t\t\t\t\t\t\t\t\t\t\t\t\t\t\t\t\t\t\t\t\t\t\t\t\t\t\t\t\t            <\/div>\n\t\t\n        <div class=\"grid-header-box\">\n\t\t\t                <span class=\"cat\"><a style=\"\" class=\"penci-cat-name penci-cat-212\" href=\"https:\/\/worldimagingnews.com\/fr\/category\/printers\/\" rel=\"category tag\"><span style=\"\">Imprimantes<\/span><\/a><a style=\"\" class=\"penci-cat-name penci-cat-349\" href=\"https:\/\/worldimagingnews.com\/fr\/category\/printers\/texile\/\" rel=\"category tag\"><span style=\"\">Texile<\/span><\/a><a style=\"\" class=\"penci-cat-name penci-cat-74\" href=\"https:\/\/worldimagingnews.com\/fr\/category\/applications\/textile-applications\/\" rel=\"category tag\"><span style=\"\">Textile<\/span><\/a><\/span>\n\t\t\t\n            <h2 class=\"penci-entry-title entry-title grid-title penci_grid_title_df\"><a href=\"https:\/\/worldimagingnews.com\/fr\/mas-extreme-fastest-textile-printer-with-up-to-120-print-heads\/\">MAS Extreme &#8211; Fastest Textile Printer with Up to 120 Print heads<\/a>\n            <\/h2>\n\t\t\t\t\t\t\t\t<div class=\"penci-hide-tagupdated\">\n\t\t\t<span class=\"author-italic author vcard\">by \t\t\t\t\t\t\t\t\t\t<a class=\"author-url url fn n\" href=\"https:\/\/worldimagingnews.com\/fr\/author\/dan\/\">Personnel<\/a>\t\t\t\t\t\t\t\t\t<\/span>\n\t\t\t<time class=\"entry-date published\" datetime=\"2024-02-06T07:12:11-08:00\">02\/06\/2024<\/time>\t\t<\/div>\n\t\t\t\t\t\t                <div class=\"grid-post-box-meta\">\n\t\t\t\t\t\t\t\t\t\t\t\t\t\t\t                        <span class=\"otherl-date\"><time class=\"entry-date published\" datetime=\"2024-02-06T07:12:11-08:00\">02\/06\/2024<\/time><\/span>\n\t\t\t\t\t\t\t\t\t\t\t\t\t\t\t\t\t\t\t\t\t\t\t\t\t\t\t\t\t\t                <\/div>\n\t\t\t        <\/div>\n\n\t\t            <div class=\"item-content entry-content\">\n\t\t\t\t<p>Print width: Min: 1900 mm \u2013 Max: 3400 mm Type of Heads: Kyocera KJ4B 600DPI Heads Heads per Carriage: Up to 120 (10 Rows of 12) Installable Colors: Maximum 8 &#8230;<\/p>\n            <\/div>\n\t\t\n\t\t\n\t\t    <\/article>\n<\/li>\n<li class=\"grid-style\">\n    <article id=\"post-16488\" class=\"item hentry\">\n\t\t            <div class=\"thumbnail\">\n\t\t\t\t\t\t\t\t                    <a class=\"penci-image-holder penci-lazy\" data-bgset=\"https:\/\/worldimagingnews.com\/wp-content\/uploads\/2023\/12\/Prism-Inks.png\" href=\"https:\/\/worldimagingnews.com\/fr\/prism-inks-sublimation-to-film-stf-hybrid-ink-wins-printing-united-alliance-2023-pinnacle-award-for-new-technology\/\" title=\"L&#039;encre hybride sublimation-film (STF) de Prism Inks remporte le prix Pinnacle de la nouvelle technologie de PRINTING United Alliance 2023\">\n                    <\/a>\n\t\t\t\t\n\t\t\t\t\t\t\t\t\t\t\t\t\t\t\t\t\t\t\t\t\t\t\t\t\t\t\t\t\t\t\t\t\t            <\/div>\n\t\t\n        <div class=\"grid-header-box\">\n\t\t\t                <span class=\"cat\"><a style=\"\" class=\"penci-cat-name penci-cat-3\" href=\"https:\/\/worldimagingnews.com\/fr\/category\/consumables\/\" rel=\"category tag\"><span style=\"\">Consommables<\/span><\/a><a style=\"\" class=\"penci-cat-name penci-cat-4\" href=\"https:\/\/worldimagingnews.com\/fr\/category\/consumables\/ink\/\" rel=\"category tag\"><span style=\"\">Encre<\/span><\/a><a style=\"\" class=\"penci-cat-name penci-cat-70\" href=\"https:\/\/worldimagingnews.com\/fr\/category\/applications\/stf-sublimation-to-film\/\" rel=\"category tag\"><span style=\"\">STF (Sublimation-to-Film)<\/span><\/a><a style=\"\" class=\"penci-cat-name penci-cat-74\" href=\"https:\/\/worldimagingnews.com\/fr\/category\/applications\/textile-applications\/\" rel=\"category tag\"><span style=\"\">Textile<\/span><\/a><\/span>\n\t\t\t\n            <h2 class=\"penci-entry-title entry-title grid-title penci_grid_title_df\"><a href=\"https:\/\/worldimagingnews.com\/fr\/prism-inks-sublimation-to-film-stf-hybrid-ink-wins-printing-united-alliance-2023-pinnacle-award-for-new-technology\/\">L'encre hybride sublimation-film (STF) de Prism Inks remporte le prix Pinnacle de la nouvelle technologie de PRINTING United Alliance 2023<\/a>\n            <\/h2>\n\t\t\t\t\t\t\t\t<div class=\"penci-hide-tagupdated\">\n\t\t\t<span class=\"author-italic author vcard\">by \t\t\t\t\t\t\t\t\t\t<a class=\"author-url url fn n\" href=\"https:\/\/worldimagingnews.com\/fr\/author\/dan\/\">Personnel<\/a>\t\t\t\t\t\t\t\t\t<\/span>\n\t\t\t<time class=\"entry-date published\" datetime=\"2024-01-03T04:00:59-08:00\">01\/03\/2024<\/time>\t\t<\/div>\n\t\t\t\t\t\t                <div class=\"grid-post-box-meta\">\n\t\t\t\t\t\t\t\t\t\t\t\t\t\t\t                        <span class=\"otherl-date\"><time class=\"entry-date published\" datetime=\"2024-01-03T04:00:59-08:00\">01\/03\/2024<\/time><\/span>\n\t\t\t\t\t\t\t\t\t\t\t\t\t\t\t\t\t\t\t\t\t\t\t\t\t\t\t\t\t\t                <\/div>\n\t\t\t        <\/div>\n\n\t\t            <div class=\"item-content entry-content\">\n\t\t\t\t<p>SUNNYVALE, CA &#8211; November 2023 &#8211; Prism Inks is pleased to announce that Prism Inks\u2019 STF hybrid ink received the coveted PRINTING United Alliance 2023 Pinnacle Award for New Technology. &#8230;<\/p>\n            <\/div>\n\t\t\n\t\t\n\t\t    <\/article>\n<\/li>\n<li class=\"grid-style\">\n    <article id=\"post-16697\" class=\"item hentry\">\n\t\t            <div class=\"thumbnail\">\n\t\t\t\t\t\t\t\t                    <a class=\"penci-image-holder penci-lazy\" data-bgset=\"https:\/\/worldimagingnews.com\/wp-content\/uploads\/2023\/12\/roq-and-dupont-a-successful-digital-printing-partnership-1.webp\" href=\"https:\/\/worldimagingnews.com\/fr\/roq-and-dupont-a-successful-digital-printing-partnership\/\" title=\"ROQ et DuPont, un partenariat r\u00e9ussi en mati\u00e8re d&#039;impression num\u00e9rique\">\n                    <\/a>\n\t\t\t\t\n\t\t\t\t\t\t\t\t\t\t\t\t\t\t\t\t\t\t\t\t\t\t\t\t\t\t\t\t\t\t\t\t\t            <\/div>\n\t\t\n        <div class=\"grid-header-box\">\n\t\t\t                <span class=\"cat\"><a style=\"\" class=\"penci-cat-name penci-cat-89\" href=\"https:\/\/worldimagingnews.com\/fr\/category\/applications\/dtg-imaging\/\" rel=\"category tag\"><span style=\"\">DTG Imagerie<\/span><\/a><a style=\"\" class=\"penci-cat-name penci-cat-4\" href=\"https:\/\/worldimagingnews.com\/fr\/category\/consumables\/ink\/\" rel=\"category tag\"><span style=\"\">Encre<\/span><\/a><a style=\"\" class=\"penci-cat-name penci-cat-74\" href=\"https:\/\/worldimagingnews.com\/fr\/category\/applications\/textile-applications\/\" rel=\"category tag\"><span style=\"\">Textile<\/span><\/a><\/span>\n\t\t\t\n            <h2 class=\"penci-entry-title entry-title grid-title penci_grid_title_df\"><a href=\"https:\/\/worldimagingnews.com\/fr\/roq-and-dupont-a-successful-digital-printing-partnership\/\">ROQ et DuPont, un partenariat r\u00e9ussi en mati\u00e8re d'impression num\u00e9rique<\/a>\n            <\/h2>\n\t\t\t\t\t\t\t\t<div class=\"penci-hide-tagupdated\">\n\t\t\t<span class=\"author-italic author vcard\">by \t\t\t\t\t\t\t\t\t\t<a class=\"author-url url fn n\" href=\"https:\/\/worldimagingnews.com\/fr\/author\/dan\/\">Personnel<\/a>\t\t\t\t\t\t\t\t\t<\/span>\n\t\t\t<time class=\"entry-date published\" datetime=\"2023-12-17T00:36:35-08:00\">12\/17\/2023<\/time>\t\t<\/div>\n\t\t\t\t\t\t                <div class=\"grid-post-box-meta\">\n\t\t\t\t\t\t\t\t\t\t\t\t\t\t\t                        <span class=\"otherl-date\"><time class=\"entry-date published\" datetime=\"2023-12-17T00:36:35-08:00\">12\/17\/2023<\/time><\/span>\n\t\t\t\t\t\t\t\t\t\t\t\t\t\t\t\t\t\t\t\t\t\t\t\t\t\t\t\t\t\t                <\/div>\n\t\t\t        <\/div>\n\n\t\t            <div class=\"item-content entry-content\">\n\t\t\t\t<p>OLIVEIRA DE S. MATEUS, Portugal &#8211; November 2023 &#8211; \u201cAn unparalleled standard of wash-fastness in digital printing\u201d, this is one of the many added values that ROQ and DuPont\u2019s successful &#8230;<\/p>\n            <\/div>\n\t\t\n\t\t\n\t\t    <\/article>\n<\/li>\n<li class=\"grid-style\">\n    <article id=\"post-16470\" class=\"item hentry\">\n\t\t            <div class=\"thumbnail\">\n\t\t\t\t\t\t\t\t                    <a class=\"penci-image-holder penci-lazy\" data-bgset=\"https:\/\/worldimagingnews.com\/wp-content\/uploads\/2023\/12\/ms-printing-solutions-jk-group-present-digital-printing-solution-1.webp\" href=\"https:\/\/worldimagingnews.com\/fr\/ms-printing-solutions-jk-group-present-digital-printing-solution\/\" title=\"MS Printing Solutions &#038; JK Group Present Digital Printing Solution\">\n                    <\/a>\n\t\t\t\t\n\t\t\t\t\t\t\t\t\t\t\t\t\t\t\t\t\t\t\t\t\t\t\t\t\t\t\t\t\t\t\t\t\t            <\/div>\n\t\t\n        <div class=\"grid-header-box\">\n\t\t\t                <span class=\"cat\"><a style=\"\" class=\"penci-cat-name penci-cat-3\" href=\"https:\/\/worldimagingnews.com\/fr\/category\/consumables\/\" rel=\"category tag\"><span style=\"\">Consommables<\/span><\/a><a style=\"\" class=\"penci-cat-name penci-cat-62\" href=\"https:\/\/worldimagingnews.com\/fr\/category\/applications\/dye-sub-applications\/\" rel=\"category tag\"><span style=\"\">Dye Sub<\/span><\/a><a style=\"\" class=\"penci-cat-name penci-cat-4\" href=\"https:\/\/worldimagingnews.com\/fr\/category\/consumables\/ink\/\" rel=\"category tag\"><span style=\"\">Encre<\/span><\/a><a style=\"\" class=\"penci-cat-name penci-cat-74\" href=\"https:\/\/worldimagingnews.com\/fr\/category\/applications\/textile-applications\/\" rel=\"category tag\"><span style=\"\">Textile<\/span><\/a><\/span>\n\t\t\t\n            <h2 class=\"penci-entry-title entry-title grid-title penci_grid_title_df\"><a href=\"https:\/\/worldimagingnews.com\/fr\/ms-printing-solutions-jk-group-present-digital-printing-solution\/\">MS Printing Solutions &#038; JK Group Present Digital Printing Solution<\/a>\n            <\/h2>\n\t\t\t\t\t\t\t\t<div class=\"penci-hide-tagupdated\">\n\t\t\t<span class=\"author-italic author vcard\">by \t\t\t\t\t\t\t\t\t\t<a class=\"author-url url fn n\" href=\"https:\/\/worldimagingnews.com\/fr\/author\/dan\/\">Personnel<\/a>\t\t\t\t\t\t\t\t\t<\/span>\n\t\t\t<time class=\"entry-date published\" datetime=\"2023-12-15T03:39:24-08:00\">12\/15\/2023<\/time>\t\t<\/div>\n\t\t\t\t\t\t                <div class=\"grid-post-box-meta\">\n\t\t\t\t\t\t\t\t\t\t\t\t\t\t\t                        <span class=\"otherl-date\"><time class=\"entry-date published\" datetime=\"2023-12-15T03:39:24-08:00\">12\/15\/2023<\/time><\/span>\n\t\t\t\t\t\t\t\t\t\t\t\t\t\t\t\t\t\t\t\t\t\t\t\t\t\t\t\t\t\t                <\/div>\n\t\t\t        <\/div>\n\n\t\t            <div class=\"item-content entry-content\">\n\t\t\t\t<p>COMO\/VARESE, Italy\u00a0\u00a0&#8211; November 2023 &#8211; MS Printing Solutions &amp; JK Group Pigment Solution reduces CO2 emissions and water consumption in the entire process, it halves printing process steps with chemistry &#8230;<\/p>\n            <\/div>\n\t\t\n\t\t\n\t\t    <\/article>\n<\/li>\n<li class=\"grid-style\">\n    <article id=\"post-16353\" class=\"item hentry\">\n\t\t            <div class=\"thumbnail\">\n\t\t\t\t\t\t\t\t                    <a class=\"penci-image-holder penci-lazy\" data-bgset=\"https:\/\/worldimagingnews.com\/wp-content\/uploads\/2023\/12\/durst-group-has-acquired-aleph-srl.webp\" href=\"https:\/\/worldimagingnews.com\/fr\/durst-group-acquires-aleph-srl\/\" title=\"Le groupe Durst acquiert Aleph SrL,\">\n                    <\/a>\n\t\t\t\t\n\t\t\t\t\t\t\t\t\t\t\t\t\t\t\t\t\t\t\t\t\t\t\t\t\t\t\t\t\t\t\t\t\t            <\/div>\n\t\t\n        <div class=\"grid-header-box\">\n\t\t\t                <span class=\"cat\"><a style=\"\" class=\"penci-cat-name penci-cat-81\" href=\"https:\/\/worldimagingnews.com\/fr\/category\/biz-news\/companies\/\" rel=\"category tag\"><span style=\"\">Entreprises<\/span><\/a><a style=\"\" class=\"penci-cat-name penci-cat-82\" href=\"https:\/\/worldimagingnews.com\/fr\/category\/biz-news\/mergers-and-acquisitions\/\" rel=\"category tag\"><span style=\"\">Fusions et acquisitions<\/span><\/a><a style=\"\" class=\"penci-cat-name penci-cat-74\" href=\"https:\/\/worldimagingnews.com\/fr\/category\/applications\/textile-applications\/\" rel=\"category tag\"><span style=\"\">Textile<\/span><\/a><\/span>\n\t\t\t\n            <h2 class=\"penci-entry-title entry-title grid-title penci_grid_title_df\"><a href=\"https:\/\/worldimagingnews.com\/fr\/durst-group-acquires-aleph-srl\/\">Le groupe Durst acquiert Aleph SrL,<\/a>\n            <\/h2>\n\t\t\t\t\t\t\t\t<div class=\"penci-hide-tagupdated\">\n\t\t\t<span class=\"author-italic author vcard\">by \t\t\t\t\t\t\t\t\t\t<a class=\"author-url url fn n\" href=\"https:\/\/worldimagingnews.com\/fr\/author\/dan\/\">Personnel<\/a>\t\t\t\t\t\t\t\t\t<\/span>\n\t\t\t<time class=\"entry-date published\" datetime=\"2023-12-14T18:19:23-08:00\">12\/14\/2023<\/time>\t\t<\/div>\n\t\t\t\t\t\t                <div class=\"grid-post-box-meta\">\n\t\t\t\t\t\t\t\t\t\t\t\t\t\t\t                        <span class=\"otherl-date\"><time class=\"entry-date published\" datetime=\"2023-12-14T18:19:23-08:00\">12\/14\/2023<\/time><\/span>\n\t\t\t\t\t\t\t\t\t\t\t\t\t\t\t\t\t\t\t\t\t\t\t\t\t\t\t\t\t\t                <\/div>\n\t\t\t        <\/div>\n\n\t\t            <div class=\"item-content entry-content\">\n\t\t\t\t<p>MILAN\/BRIXEN, Italy &#8211; September 2023 &#8211; Durst Group has acquired Aleph SrL, a specialist in sustainable digital solutions for textiles and interior and exterior decorations. With this strategic move, Durst &#8230;<\/p>\n            <\/div>\n\t\t\n\t\t\n\t\t    <\/article>\n<\/li>\n\n\t\t\t\t\t\t\t\t\t\t\t\t\t\t\t\t\t\t\t\t\t\t\t\t\t\t\t\t<\/ul>\n\t\t\t\t\t\t\t\t\t\t\t\t\t\t<div class=\"penci-pagination align-left\"><ul class='page-numbers'>\n\t<li><span aria-current=\"page\" class=\"page-numbers current\">1<\/span><\/li>\n\t<li><a class=\"page-numbers\" href=\"https:\/\/worldimagingnews.com\/fr\/wp-json\/wp\/v2\/pages\/18841\/page\/2\/\">2<\/a><\/li>\n\t<li><a class=\"next page-numbers\" href=\"https:\/\/worldimagingnews.com\/fr\/wp-json\/wp\/v2\/pages\/18841\/page\/2\/\"><i class=\"penci-faicon fa fa-angle-right\" ><\/i><\/a><\/li>\n<\/ul>\n<\/div>\t\t\t\t\t\t\t                        <\/div>\n\n\t\t\t\t\t\t                    <\/div>\n                <\/div>\n\t\t\t            <style>\n                                                                                                                                                                            <\/style>\n\t\t\t\t\t\t\t<\/div>\n\t\t\t\t<\/div>\n\t\t\t\t\t<\/div>\n\t\t\t\t<\/div>\n\t\t\t\t<\/div>","protected":false},"excerpt":{"rendered":"<p>textile PrintersTexileTextile MAS Extreme &#8211; Fastest Textile Printer with Up to 120 Print heads by Staff 02\/06\/2024 02\/06\/2024 Print width: Min: 1900 mm \u2013 Max: 3400 mm Type of Heads:&hellip;<\/p>","protected":false},"author":3,"featured_media":0,"parent":0,"menu_order":0,"comment_status":"closed","ping_status":"closed","template":"","meta":{"content-type":"","_lmt_disableupdate":"no","_lmt_disable":"","cybocfi_hide_featured_image":"","footnotes":""},"class_list":["post-18841","page","type-page","status-publish","hentry"],"_links":{"self":[{"href":"https:\/\/worldimagingnews.com\/fr\/wp-json\/wp\/v2\/pages\/18841","targetHints":{"allow":["GET"]}}],"collection":[{"href":"https:\/\/worldimagingnews.com\/fr\/wp-json\/wp\/v2\/pages"}],"about":[{"href":"https:\/\/worldimagingnews.com\/fr\/wp-json\/wp\/v2\/types\/page"}],"author":[{"embeddable":true,"href":"https:\/\/worldimagingnews.com\/fr\/wp-json\/wp\/v2\/users\/3"}],"replies":[{"embeddable":true,"href":"https:\/\/worldimagingnews.com\/fr\/wp-json\/wp\/v2\/comments?post=18841"}],"version-history":[{"count":8,"href":"https:\/\/worldimagingnews.com\/fr\/wp-json\/wp\/v2\/pages\/18841\/revisions"}],"predecessor-version":[{"id":260358,"href":"https:\/\/worldimagingnews.com\/fr\/wp-json\/wp\/v2\/pages\/18841\/revisions\/260358"}],"wp:attachment":[{"href":"https:\/\/worldimagingnews.com\/fr\/wp-json\/wp\/v2\/media?parent=18841"}],"curies":[{"name":"wp","href":"https:\/\/api.w.org\/{rel}","templated":true}]}}