{"id":18814,"date":"2024-01-31T15:28:34","date_gmt":"2024-01-31T23:28:34","guid":{"rendered":"https:\/\/worldimagingnews.com\/?page_id=18814"},"modified":"2024-08-13T16:19:21","modified_gmt":"2024-08-13T23:19:21","slug":"print-cut","status":"publish","type":"page","link":"https:\/\/worldimagingnews.com\/fr\/print-cut\/","title":{"rendered":"Imprimer\/D\u00e9couper"},"content":{"rendered":"<div data-elementor-type=\"wp-page\" data-elementor-id=\"18814\" class=\"elementor elementor-18814\" data-elementor-post-type=\"page\">\n\t\t\t\t<div class=\"elementor-element elementor-element-b7d725d e-flex e-con-boxed e-con e-parent\" data-id=\"b7d725d\" data-element_type=\"container\" data-e-type=\"container\">\n\t\t\t\t\t<div class=\"e-con-inner\">\n\t\t\t\t<div class=\"elementor-element elementor-element-70aece3 elementor-widget elementor-widget-penci-latest-posts\" data-id=\"70aece3\" data-element_type=\"widget\" data-e-type=\"widget\" data-widget_type=\"penci-latest-posts.default\">\n\t\t\t\t<div class=\"elementor-widget-container\">\n\t\t\t\t\t                <div id=\"pencilatest_posts_10092\" class=\"penci-latest-posts-sc penci-latest-posts-grid penci-latest-posts-el penci-el-mixed-s1 penci-std-continue-center penci-std-excerpt-center penci-grid-excerpt-left\">\n\t\t\t\t\t\t\t\t\t\t\t                        <div class=\"penci-border-arrow penci-homepage-title penci-home-latest-posts style-7 pcalign-left pciconp-right pcicon-right\">\n                            <h3 class=\"inner-arrow\">\n                                <span>\n\t\t\t\t\t\t\t\t<span>print \/ cut<\/span>                                <\/span>\n                            <\/h3>\n\t\t\t\t\t\t\t                        <\/div>\n\t\t\t\t\t                    <div class=\"penci-wrapper-posts-ajax\">\n\n                        <div class=\"penci-wrapper-posts-content pwid-default\">\n\n\t\t\t\t\t\t\t\t\t\t\t\t\t\t\t                                <ul data-cols=\"3\" data-tcols=\"3\" data-mcols=\"2\" data-layout=\"grid\"\n                                    class=\"has-d-cols has-t-cols has-m-cols penci-wrapper-data penci-grid penci-shortcode-render\">\t\t\t\t\t\t\t\t\t\t\t\t\t\t\t\t\t\t\t\t\t\t\t\t\t\t\t\t\t<li class=\"grid-style\">\n    <article id=\"post-265136\" class=\"item hentry\">\n\t\t            <div class=\"thumbnail\">\n\t\t\t\t\t\t\t\t                    <a class=\"penci-image-holder penci-lazy\" data-bgset=\"https:\/\/worldimagingnews.com\/wp-content\/uploads\/2025\/10\/Untitled-Design-1400x795-16-585x390.png\" href=\"https:\/\/worldimagingnews.com\/fr\/roland-dga-to-showcase-new-truevis-xg-640-wide-format-printer-cutter-and-co-sponsor-wrapslive-vehicle-wrap-competition-at-sema-show-2025\/\" title=\"Roland DGA to Showcase New TrueVIS XG-640 Wide-Format Printer\/Cutter at SEMA Show 2025\">\n                    <\/a>\n\t\t\t\t\n\t\t\t\t\t\t\t\t\t\t\t\t\t\t\t\t\t\t\t\t\t\t\t\t\t\t\t\t\t\t\t\t\t            <\/div>\n\t\t\n        <div class=\"grid-header-box\">\n\t\t\t                <span class=\"cat\"><a style=\"\" class=\"penci-cat-name penci-cat-323\" href=\"https:\/\/worldimagingnews.com\/fr\/category\/applications\/car-wraps-applications\/\" rel=\"category tag\"><span style=\"\">Car Wraps<\/span><\/a><a style=\"\" class=\"penci-cat-name penci-cat-220\" href=\"https:\/\/worldimagingnews.com\/fr\/category\/printers\/print-cut\/\" rel=\"category tag\"><span style=\"\">Imprimer \/D\u00e9couper<\/span><\/a><\/span>\n\t\t\t\n            <h2 class=\"penci-entry-title entry-title grid-title penci_grid_title_df\"><a href=\"https:\/\/worldimagingnews.com\/fr\/roland-dga-to-showcase-new-truevis-xg-640-wide-format-printer-cutter-and-co-sponsor-wrapslive-vehicle-wrap-competition-at-sema-show-2025\/\">Roland DGA to Showcase New TrueVIS XG-640 Wide-Format Printer\/Cutter at SEMA Show 2025<\/a>\n            <\/h2>\n\t\t\t\t\t\t\t\t<div class=\"penci-hide-tagupdated\">\n\t\t\t<span class=\"author-italic author vcard\">by \t\t\t\t\t\t\t\t\t\t<a class=\"author-url url fn n\" href=\"https:\/\/worldimagingnews.com\/fr\/author\/dan\/\">Personnel<\/a>\t\t\t\t\t\t\t\t\t<\/span>\n\t\t\t<time class=\"entry-date published\" datetime=\"2025-10-31T05:45:14-07:00\">10\/31\/2025<\/time>\t\t<\/div>\n\t\t\t\t\t\t                <div class=\"grid-post-box-meta\">\n\t\t\t\t\t\t\t\t\t\t\t\t\t\t\t                        <span class=\"otherl-date\"><time class=\"entry-date published\" datetime=\"2025-10-31T05:45:14-07:00\">10\/31\/2025<\/time><\/span>\n\t\t\t\t\t\t\t\t\t\t\t\t\t\t\t\t\t\t\t\t\t\t\t\t\t\t\t\t\t\t                <\/div>\n\t\t\t        <\/div>\n\n\t\t            <div class=\"item-content entry-content\">\n\t\t\t\t<p>Roland DGA will showcase its latest wide-format imaging technologies and co-sponsor day three of the WrapsLIVE vehicle wrap demonstrations in the WrapGlove booth (#50241) at the 2025 SEMA Show. Irvine &#8230;<\/p>\n            <\/div>\n\t\t\n\t\t\n\t\t    <\/article>\n<\/li>\n<li class=\"grid-style\">\n    <article id=\"post-264056\" class=\"item hentry\">\n\t\t            <div class=\"thumbnail\">\n\t\t\t\t\t\t\t\t                    <a class=\"penci-image-holder penci-lazy\" data-bgset=\"https:\/\/worldimagingnews.com\/wp-content\/uploads\/2025\/05\/Untitled-design-17.png\" href=\"https:\/\/worldimagingnews.com\/fr\/roland-dg-introduces-new-truevis-xg-640-its-most-productive-printer-cutter-ever\/\" title=\"Roland DGA Introduces New TrueVIS XG-640, its Most Productive Printer\/Cutter Ever\">\n                    <\/a>\n\t\t\t\t\n\t\t\t\t\t\t\t\t\t\t\t\t\t\t\t\t\t\t\t\t\t\t\t\t\t\t\t\t\t\t\t\t\t            <\/div>\n\t\t\n        <div class=\"grid-header-box\">\n\t\t\t                <span class=\"cat\"><a style=\"\" class=\"penci-cat-name penci-cat-807\" href=\"https:\/\/worldimagingnews.com\/fr\/category\/featured-news\/\" rel=\"category tag\"><span style=\"\">Actualit\u00e9s<\/span><\/a><a style=\"\" class=\"penci-cat-name penci-cat-220\" href=\"https:\/\/worldimagingnews.com\/fr\/category\/printers\/print-cut\/\" rel=\"category tag\"><span style=\"\">Imprimer \/D\u00e9couper<\/span><\/a><\/span>\n\t\t\t\n            <h2 class=\"penci-entry-title entry-title grid-title penci_grid_title_df\"><a href=\"https:\/\/worldimagingnews.com\/fr\/roland-dg-introduces-new-truevis-xg-640-its-most-productive-printer-cutter-ever\/\">Roland DGA Introduces New TrueVIS XG-640, its Most Productive Printer\/Cutter Ever<\/a>\n            <\/h2>\n\t\t\t\t\t\t\t\t<div class=\"penci-hide-tagupdated\">\n\t\t\t<span class=\"author-italic author vcard\">by \t\t\t\t\t\t\t\t\t\t<a class=\"author-url url fn n\" href=\"https:\/\/worldimagingnews.com\/fr\/author\/dan\/\">Personnel<\/a>\t\t\t\t\t\t\t\t\t<\/span>\n\t\t\t<time class=\"entry-date published\" datetime=\"2025-05-29T07:49:35-07:00\">05\/29\/2025<\/time>\t\t<\/div>\n\t\t\t\t\t\t                <div class=\"grid-post-box-meta\">\n\t\t\t\t\t\t\t\t\t\t\t\t\t\t\t                        <span class=\"otherl-date\"><time class=\"entry-date published\" datetime=\"2025-05-29T07:49:35-07:00\">05\/29\/2025<\/time><\/span>\n\t\t\t\t\t\t\t\t\t\t\t\t\t\t\t\t\t\t\t\t\t\t\t\t\t\t\t\t\t\t                <\/div>\n\t\t\t        <\/div>\n\n\t\t            <div class=\"item-content entry-content\">\n\t\t\t\t<p>The XG-640 Runs New TR3 Inks and Comes with New VersaWorks 7 and Roland DG Connect IRVINE | California &#8211; May 2025 &#8211; \u00a0Roland DGA, a leading provider of large-format &#8230;<\/p>\n            <\/div>\n\t\t\n\t\t\n\t\t    <\/article>\n<\/li>\n<li class=\"grid-style\">\n    <article id=\"post-261293\" class=\"item hentry\">\n\t\t            <div class=\"thumbnail\">\n\t\t\t\t\t\t\t\t                    <a class=\"penci-image-holder penci-lazy\" data-bgset=\"https:\/\/worldimagingnews.com\/wp-content\/uploads\/2024\/09\/image-ezgif.com-png-to-webp-converter-93-585x390.webp\" href=\"https:\/\/worldimagingnews.com\/fr\/introducing-mutohs-first-entry-into-the-print-cut-category\/\" title=\"Pr\u00e9sentation de la premi\u00e8re entr\u00e9e de MUTOH dans la cat\u00e9gorie impression et d\u00e9coupe\">\n                    <\/a>\n\t\t\t\t\n\t\t\t\t\t\t\t\t\t\t\t\t\t\t\t\t\t\t\t\t\t\t\t\t\t\t\t\t\t\t\t\t\t            <\/div>\n\t\t\n        <div class=\"grid-header-box\">\n\t\t\t                <span class=\"cat\"><a style=\"\" class=\"penci-cat-name penci-cat-807\" href=\"https:\/\/worldimagingnews.com\/fr\/category\/featured-news\/\" rel=\"category tag\"><span style=\"\">Actualit\u00e9s<\/span><\/a><a style=\"\" class=\"penci-cat-name penci-cat-220\" href=\"https:\/\/worldimagingnews.com\/fr\/category\/printers\/print-cut\/\" rel=\"category tag\"><span style=\"\">Imprimer \/D\u00e9couper<\/span><\/a><\/span>\n\t\t\t\n            <h2 class=\"penci-entry-title entry-title grid-title penci_grid_title_df\"><a href=\"https:\/\/worldimagingnews.com\/fr\/introducing-mutohs-first-entry-into-the-print-cut-category\/\">Pr\u00e9sentation de la premi\u00e8re entr\u00e9e de MUTOH dans la cat\u00e9gorie impression et d\u00e9coupe<\/a>\n            <\/h2>\n\t\t\t\t\t\t\t\t<div class=\"penci-hide-tagupdated\">\n\t\t\t<span class=\"author-italic author vcard\">by \t\t\t\t\t\t\t\t\t\t<a class=\"author-url url fn n\" href=\"https:\/\/worldimagingnews.com\/fr\/author\/dan\/\">Personnel<\/a>\t\t\t\t\t\t\t\t\t<\/span>\n\t\t\t<time class=\"entry-date published\" datetime=\"2024-09-05T09:33:24-07:00\">09\/05\/2024<\/time>\t\t<\/div>\n\t\t\t\t\t\t                <div class=\"grid-post-box-meta\">\n\t\t\t\t\t\t\t\t\t\t\t\t\t\t\t                        <span class=\"otherl-date\"><time class=\"entry-date published\" datetime=\"2024-09-05T09:33:24-07:00\">09\/05\/2024<\/time><\/span>\n\t\t\t\t\t\t\t\t\t\t\t\t\t\t\t\t\t\t\t\t\t\t\t\t\t\t\t\t\t\t                <\/div>\n\t\t\t        <\/div>\n\n\t\t            <div class=\"item-content entry-content\">\n\t\t\t\t<p>PHOENIX | Arizona - Septembre 2024 : - MUTOH INDUSTRIES LTD. a d\u00e9voil\u00e9 sa derni\u00e8re imprimante \u00e0 jet d'encre \u00e9co-solvant, la XpertJet C641SR Pro. Il s'agit de la toute premi\u00e8re machine Print &amp; Cut de l'entreprise, ...<\/p>\n            <\/div>\n\t\t\n\t\t\n\t\t    <\/article>\n<\/li>\n<li class=\"grid-style\">\n    <article id=\"post-261242\" class=\"item hentry\">\n\t\t            <div class=\"thumbnail\">\n\t\t\t\t\t\t\t\t                    <a class=\"penci-image-holder penci-lazy\" data-bgset=\"https:\/\/worldimagingnews.com\/wp-content\/uploads\/2024\/09\/Mimaki_CJV200-160_8x5-ezgif.com-optijpeg-585x357.jpg\" href=\"https:\/\/worldimagingnews.com\/fr\/mimaki-usa-announces-cjv200-series-eco-solvent-print-cut-devices\/\" title=\"Mimaki USA annonce les dispositifs d&#039;impression et de d\u00e9coupe \u00e0 \u00e9co-solvant de la s\u00e9rie CJV200\">\n                    <\/a>\n\t\t\t\t\n\t\t\t\t\t\t\t\t\t\t\t\t\t\t\t\t\t\t\t\t\t\t\t\t\t\t\t\t\t\t\t\t\t            <\/div>\n\t\t\n        <div class=\"grid-header-box\">\n\t\t\t                <span class=\"cat\"><a style=\"\" class=\"penci-cat-name penci-cat-220\" href=\"https:\/\/worldimagingnews.com\/fr\/category\/printers\/print-cut\/\" rel=\"category tag\"><span style=\"\">Imprimer \/D\u00e9couper<\/span><\/a><\/span>\n\t\t\t\n            <h2 class=\"penci-entry-title entry-title grid-title penci_grid_title_df\"><a href=\"https:\/\/worldimagingnews.com\/fr\/mimaki-usa-announces-cjv200-series-eco-solvent-print-cut-devices\/\">Mimaki USA annonce les dispositifs d'impression et de d\u00e9coupe \u00e0 \u00e9co-solvant de la s\u00e9rie CJV200<\/a>\n            <\/h2>\n\t\t\t\t\t\t\t\t<div class=\"penci-hide-tagupdated\">\n\t\t\t<span class=\"author-italic author vcard\">by \t\t\t\t\t\t\t\t\t\t<a class=\"author-url url fn n\" href=\"https:\/\/worldimagingnews.com\/fr\/author\/dan\/\">Personnel<\/a>\t\t\t\t\t\t\t\t\t<\/span>\n\t\t\t<time class=\"entry-date published\" datetime=\"2024-09-05T08:27:45-07:00\">09\/05\/2024<\/time>\t\t<\/div>\n\t\t\t\t\t\t                <div class=\"grid-post-box-meta\">\n\t\t\t\t\t\t\t\t\t\t\t\t\t\t\t                        <span class=\"otherl-date\"><time class=\"entry-date published\" datetime=\"2024-09-05T08:27:45-07:00\">09\/05\/2024<\/time><\/span>\n\t\t\t\t\t\t\t\t\t\t\t\t\t\t\t\t\t\t\t\t\t\t\t\t\t\t\t\t\t\t                <\/div>\n\t\t\t        <\/div>\n\n\t\t            <div class=\"item-content entry-content\">\n\t\t\t\t<p>SUWANEE | Georgia &#8211; September 2024: Mimaki USA, a leading manufacturer of wide-format inkjet printers and cutters, today introduced the CJV200 Series of eco-solvent print &amp; cut devices. The CJV200-160 &#8230;<\/p>\n            <\/div>\n\t\t\n\t\t\n\t\t    <\/article>\n<\/li>\n<li class=\"grid-style\">\n    <article id=\"post-261100\" class=\"item hentry\">\n\t\t            <div class=\"thumbnail\">\n\t\t\t\t\t\t\t\t                    <a class=\"penci-image-holder penci-lazy\" data-bgset=\"https:\/\/worldimagingnews.com\/wp-content\/uploads\/2024\/08\/XPJ-641Print-Cut1-ezgif.com-png-to-jpg-converter-585x327.jpg\" href=\"https:\/\/worldimagingnews.com\/fr\/mutoh-america-unveils-next-generation-eco-solvent-printer-at-printing-united-expo-2024\/\" title=\"MUTOH America d\u00e9voile la nouvelle g\u00e9n\u00e9ration d&#039;imprimantes \u00e0 \u00e9co-solvant \u00e0 PRINTING United Expo 2024\">\n                    <\/a>\n\t\t\t\t\n\t\t\t\t\t\t\t\t\t\t\t\t\t\t\t\t\t\t\t\t\t\t\t\t\t\t\t\t\t\t\t\t\t            <\/div>\n\t\t\n        <div class=\"grid-header-box\">\n\t\t\t                <span class=\"cat\"><a style=\"\" class=\"penci-cat-name penci-cat-220\" href=\"https:\/\/worldimagingnews.com\/fr\/category\/printers\/print-cut\/\" rel=\"category tag\"><span style=\"\">Imprimer \/D\u00e9couper<\/span><\/a><\/span>\n\t\t\t\n            <h2 class=\"penci-entry-title entry-title grid-title penci_grid_title_df\"><a href=\"https:\/\/worldimagingnews.com\/fr\/mutoh-america-unveils-next-generation-eco-solvent-printer-at-printing-united-expo-2024\/\">MUTOH America d\u00e9voile la nouvelle g\u00e9n\u00e9ration d'imprimantes \u00e0 \u00e9co-solvant \u00e0 PRINTING United Expo 2024<\/a>\n            <\/h2>\n\t\t\t\t\t\t\t\t<div class=\"penci-hide-tagupdated\">\n\t\t\t<span class=\"author-italic author vcard\">by \t\t\t\t\t\t\t\t\t\t<a class=\"author-url url fn n\" href=\"https:\/\/worldimagingnews.com\/fr\/author\/dan\/\">Personnel<\/a>\t\t\t\t\t\t\t\t\t<\/span>\n\t\t\t<time class=\"entry-date published\" datetime=\"2024-08-27T04:25:51-07:00\">08\/27\/2024<\/time>\t\t<\/div>\n\t\t\t\t\t\t                <div class=\"grid-post-box-meta\">\n\t\t\t\t\t\t\t\t\t\t\t\t\t\t\t                        <span class=\"otherl-date\"><time class=\"entry-date published\" datetime=\"2024-08-27T04:25:51-07:00\">08\/27\/2024<\/time><\/span>\n\t\t\t\t\t\t\t\t\t\t\t\t\t\t\t\t\t\t\t\t\t\t\t\t\t\t\t\t\t\t                <\/div>\n\t\t\t        <\/div>\n\n\t\t            <div class=\"item-content entry-content\">\n\t\t\t\t<p>MUTOH America s'appr\u00eate \u00e0 faire sensation \u00e0 l'exposition PRINTING United 2024, en pr\u00e9sentant ses solutions d'impression de pointe r\u00e9compens\u00e9es par le prix Pinnacle et en d\u00e9voilant ...<\/p>\n            <\/div>\n\t\t\n\t\t\n\t\t    <\/article>\n<\/li>\n<li class=\"grid-style\">\n    <article id=\"post-16572\" class=\"item hentry\">\n\t\t            <div class=\"thumbnail\">\n\t\t\t\t\t\t\t\t                    <a class=\"penci-image-holder penci-lazy\" data-bgset=\"https:\/\/worldimagingnews.com\/wp-content\/uploads\/2023\/12\/roland-dga-introduces-new-versastudio-bn2-series-desktop-printer-cutters-2.webp\" href=\"https:\/\/worldimagingnews.com\/fr\/roland-dga-introduces-new-versastudio-bn2-series-desktop-printer-cutters\/\" title=\"Roland DGA pr\u00e9sente les nouvelles imprimantes\/d\u00e9coupeuses de bureau de la s\u00e9rie VersaSTUDIO BN2\">\n                    <\/a>\n\t\t\t\t\n\t\t\t\t\t\t\t\t\t\t\t\t\t\t\t\t\t\t\t\t\t\t\t\t\t\t\t\t\t\t\t\t\t            <\/div>\n\t\t\n        <div class=\"grid-header-box\">\n\t\t\t                <span class=\"cat\"><a style=\"\" class=\"penci-cat-name penci-cat-57\" href=\"https:\/\/worldimagingnews.com\/fr\/category\/applications\/decals\/\" rel=\"category tag\"><span style=\"\">Autocollants<\/span><\/a><a style=\"\" class=\"penci-cat-name penci-cat-220\" href=\"https:\/\/worldimagingnews.com\/fr\/category\/printers\/print-cut\/\" rel=\"category tag\"><span style=\"\">Imprimer \/D\u00e9couper<\/span><\/a><a style=\"\" class=\"penci-cat-name penci-cat-212\" href=\"https:\/\/worldimagingnews.com\/fr\/category\/printers\/\" rel=\"category tag\"><span style=\"\">Imprimantes<\/span><\/a><a style=\"\" class=\"penci-cat-name penci-cat-69\" href=\"https:\/\/worldimagingnews.com\/fr\/category\/applications\/promotional\/\" rel=\"category tag\"><span style=\"\">Promotionnel<\/span><\/a><a style=\"\" class=\"penci-cat-name penci-cat-137\" href=\"https:\/\/worldimagingnews.com\/fr\/category\/applications\/retail-displays\/\" rel=\"category tag\"><span style=\"\">Pr\u00e9sentoirs pour le commerce de d\u00e9tail<\/span><\/a><a style=\"\" class=\"penci-cat-name penci-cat-72\" href=\"https:\/\/worldimagingnews.com\/fr\/category\/applications\/signage\/\" rel=\"category tag\"><span style=\"\">Signalisation<\/span><\/a><\/span>\n\t\t\t\n            <h2 class=\"penci-entry-title entry-title grid-title penci_grid_title_df\"><a href=\"https:\/\/worldimagingnews.com\/fr\/roland-dga-introduces-new-versastudio-bn2-series-desktop-printer-cutters\/\">Roland DGA pr\u00e9sente les nouvelles imprimantes\/d\u00e9coupeuses de bureau de la s\u00e9rie VersaSTUDIO BN2<\/a>\n            <\/h2>\n\t\t\t\t\t\t\t\t<div class=\"penci-hide-tagupdated\">\n\t\t\t<span class=\"author-italic author vcard\">by \t\t\t\t\t\t\t\t\t\t<a class=\"author-url url fn n\" href=\"https:\/\/worldimagingnews.com\/fr\/author\/dan\/\">Personnel<\/a>\t\t\t\t\t\t\t\t\t<\/span>\n\t\t\t<time class=\"entry-date published\" datetime=\"2023-12-15T15:20:19-08:00\">12\/15\/2023<\/time>\t\t<\/div>\n\t\t\t\t\t\t                <div class=\"grid-post-box-meta\">\n\t\t\t\t\t\t\t\t\t\t\t\t\t\t\t                        <span class=\"otherl-date\"><time class=\"entry-date published\" datetime=\"2023-12-15T15:20:19-08:00\">12\/15\/2023<\/time><\/span>\n\t\t\t\t\t\t\t\t\t\t\t\t\t\t\t\t\t\t\t\t\t\t\t\t\t\t\t\t\t\t                <\/div>\n\t\t\t        <\/div>\n\n\t\t            <div class=\"item-content entry-content\">\n\t\t\t\t<p>IRVINE, California &#8211; November 2023 &#8211; Roland DGA Corporation, a leading provider of large-format inkjet printers, printer\/cutters, vinyl cutters, and other advanced digital devices, has announced the launch of its &#8230;<\/p>\n            <\/div>\n\t\t\n\t\t\n\t\t    <\/article>\n<\/li>\n\n\t\t\t\t\t\t\t\t\t\t\t\t\t\t\t\t\t\t\t\t\t\t\t\t\t\t\t\t<\/ul>\n\t\t\t\t\t\t\t\t\t\t\t\t\t\t<div class=\"penci-pagination align-left\"><ul class='page-numbers'>\n\t<li><span aria-current=\"page\" class=\"page-numbers current\">1<\/span><\/li>\n\t<li><a class=\"page-numbers\" href=\"https:\/\/worldimagingnews.com\/fr\/wp-json\/wp\/v2\/pages\/18814\/page\/2\/\">2<\/a><\/li>\n\t<li><a class=\"next page-numbers\" href=\"https:\/\/worldimagingnews.com\/fr\/wp-json\/wp\/v2\/pages\/18814\/page\/2\/\"><i class=\"penci-faicon fa fa-angle-right\" ><\/i><\/a><\/li>\n<\/ul>\n<\/div>\t\t\t\t\t\t\t                        <\/div>\n\n\t\t\t\t\t\t                    <\/div>\n                <\/div>\n\t\t\t            <style>\n                                                                                                                                                                            <\/style>\n\t\t\t\t\t\t\t<\/div>\n\t\t\t\t<\/div>\n\t\t\t\t\t<\/div>\n\t\t\t\t<\/div>\n\t\t\t\t<\/div>","protected":false},"excerpt":{"rendered":"<p>print \/ cut DecalsPrint \/CutPrintersPromotionalRetail DisplaysSignage Roland DGA Introduces New VersaSTUDIO BN2 Series Desktop Printer\/Cutters by Staff 12\/15\/2023 12\/15\/2023 IRVINE, California &#8211; November 2023 &#8211; Roland DGA Corporation, a leading&hellip;<\/p>","protected":false},"author":3,"featured_media":0,"parent":0,"menu_order":0,"comment_status":"closed","ping_status":"closed","template":"","meta":{"content-type":"","_lmt_disableupdate":"no","_lmt_disable":"","cybocfi_hide_featured_image":"","footnotes":""},"class_list":["post-18814","page","type-page","status-publish","hentry"],"_links":{"self":[{"href":"https:\/\/worldimagingnews.com\/fr\/wp-json\/wp\/v2\/pages\/18814","targetHints":{"allow":["GET"]}}],"collection":[{"href":"https:\/\/worldimagingnews.com\/fr\/wp-json\/wp\/v2\/pages"}],"about":[{"href":"https:\/\/worldimagingnews.com\/fr\/wp-json\/wp\/v2\/types\/page"}],"author":[{"embeddable":true,"href":"https:\/\/worldimagingnews.com\/fr\/wp-json\/wp\/v2\/users\/3"}],"replies":[{"embeddable":true,"href":"https:\/\/worldimagingnews.com\/fr\/wp-json\/wp\/v2\/comments?post=18814"}],"version-history":[{"count":8,"href":"https:\/\/worldimagingnews.com\/fr\/wp-json\/wp\/v2\/pages\/18814\/revisions"}],"predecessor-version":[{"id":260354,"href":"https:\/\/worldimagingnews.com\/fr\/wp-json\/wp\/v2\/pages\/18814\/revisions\/260354"}],"wp:attachment":[{"href":"https:\/\/worldimagingnews.com\/fr\/wp-json\/wp\/v2\/media?parent=18814"}],"curies":[{"name":"wp","href":"https:\/\/api.w.org\/{rel}","templated":true}]}}