{"id":17881,"date":"2024-01-09T08:44:22","date_gmt":"2024-01-09T16:44:22","guid":{"rendered":"https:\/\/worldimagingnews.com\/?page_id=17881"},"modified":"2024-08-03T09:22:31","modified_gmt":"2024-08-03T16:22:31","slug":"a-propos-de-nous","status":"publish","type":"page","link":"https:\/\/worldimagingnews.com\/fr\/about-us\/","title":{"rendered":"A propos de nous"},"content":{"rendered":"<div data-elementor-type=\"wp-page\" data-elementor-id=\"17881\" class=\"elementor elementor-17881\" data-elementor-post-type=\"page\">\n\t\t\t\t<div class=\"elementor-element elementor-element-1c03d110 e-flex e-con-boxed e-con e-parent\" data-id=\"1c03d110\" data-element_type=\"container\" data-e-type=\"container\">\n\t\t\t\t\t<div class=\"e-con-inner\">\n\t\t\t\t<div class=\"elementor-element elementor-element-56262090 elementor-widget elementor-widget-text-editor\" data-id=\"56262090\" data-element_type=\"widget\" data-e-type=\"widget\" data-widget_type=\"text-editor.default\">\n\t\t\t\t<div class=\"elementor-widget-container\">\n\t\t\t\t\t\t\t\t\t<h4><b>A propos de nous<\/b><\/h4><p>Bienvenue \u00e0 World Imaging News, votre premi\u00e8re source d'informations, de mises \u00e0 jour et d'analyses sur l'imagerie graphique dans le monde entier. D\u00e9di\u00e9 \u00e0 combler le foss\u00e9 entre l'innovation et l'information, World Imaging News sert de plaque tournante pour les professionnels, les passionn\u00e9s et les leaders de l'industrie qui cherchent \u00e0 garder une longueur d'avance dans le monde dynamique de la technologie de l'imagerie graphique.<\/p><p>Chez World Imaging News, nous nous engageons \u00e0 fournir une couverture opportune, pr\u00e9cise et approfondie des derni\u00e8res tendances, des d\u00e9veloppements et des avanc\u00e9es dans le domaine de l'imagerie graphique. Notre \u00e9quipe d'experts, compos\u00e9e de journalistes et de collaborateurs, parcourt le monde pour vous proposer des interviews exclusives, des articles perspicaces, des revues de produits et des analyses stimulantes qui informent, inspirent et suscitent des conversations au sein de la communaut\u00e9 de l'imagerie.<\/p><p>Que vous soyez un professionnel exp\u00e9riment\u00e9 cherchant \u00e0 se tenir au courant des tendances de l'industrie, un entrepreneur cherchant \u00e0 naviguer dans le paysage de l'imagerie, ou un enthousiaste passionn\u00e9 par le pouvoir de transformation de la technologie de l'imagerie, World Imaging News est votre partenaire de confiance dans la poursuite de la connaissance et de l'innovation.<\/p><p>Rejoignez-nous dans ce voyage passionnant o\u00f9 nous explorons les possibilit\u00e9s illimit\u00e9es de l'imagerie graphique et o\u00f9 nous nous effor\u00e7ons de fa\u00e7onner ensemble l'avenir de l'industrie. Connectez-vous avec nous, participez \u00e0 notre contenu et faites partie de la communaut\u00e9 World Imaging News.<\/p><p>Pour toute demande de renseignements, de contributions ou de collaborations, veuillez nous contacter \u00e0 l'adresse suivante\u00a0<a href=\"mailto:info@worldimagingnews.com\" target=\"_blank\" rel=\"noopener\">info@worldimagingnews.com<\/a>\u00a0ou appelez le +1-818-679-8075.<\/p><p>Restez inform\u00e9s, restez inspir\u00e9s, et bienvenue sur World Imaging News.<\/p><div>\u00a0<\/div><div>L'\u00e9quipe de World Imaging News<\/div><p>\u00a0<\/p>\t\t\t\t\t\t\t\t<\/div>\n\t\t\t\t<\/div>\n\t\t\t\t\t<\/div>\n\t\t\t\t<\/div>\n\t\t\t\t<\/div>","protected":false},"excerpt":{"rendered":"<p>A propos de nous Bienvenue sur World Imaging News, votre premi\u00e8re source d'informations, de mises \u00e0 jour et d'analyses sur l'imagerie graphique dans le monde entier. Notre objectif est de combler le foss\u00e9 entre l'innovation et...<\/p>","protected":false},"author":3,"featured_media":0,"parent":0,"menu_order":0,"comment_status":"closed","ping_status":"closed","template":"","meta":{"content-type":"","_lmt_disableupdate":"no","_lmt_disable":"","cybocfi_hide_featured_image":"","footnotes":""},"class_list":["post-17881","page","type-page","status-publish","hentry"],"_links":{"self":[{"href":"https:\/\/worldimagingnews.com\/fr\/wp-json\/wp\/v2\/pages\/17881","targetHints":{"allow":["GET"]}}],"collection":[{"href":"https:\/\/worldimagingnews.com\/fr\/wp-json\/wp\/v2\/pages"}],"about":[{"href":"https:\/\/worldimagingnews.com\/fr\/wp-json\/wp\/v2\/types\/page"}],"author":[{"embeddable":true,"href":"https:\/\/worldimagingnews.com\/fr\/wp-json\/wp\/v2\/users\/3"}],"replies":[{"embeddable":true,"href":"https:\/\/worldimagingnews.com\/fr\/wp-json\/wp\/v2\/comments?post=17881"}],"version-history":[{"count":8,"href":"https:\/\/worldimagingnews.com\/fr\/wp-json\/wp\/v2\/pages\/17881\/revisions"}],"predecessor-version":[{"id":259567,"href":"https:\/\/worldimagingnews.com\/fr\/wp-json\/wp\/v2\/pages\/17881\/revisions\/259567"}],"wp:attachment":[{"href":"https:\/\/worldimagingnews.com\/fr\/wp-json\/wp\/v2\/media?parent=17881"}],"curies":[{"name":"wp","href":"https:\/\/api.w.org\/{rel}","templated":true}]}}